{"id":1176,"date":"2025-05-21T16:49:27","date_gmt":"2025-05-21T16:49:27","guid":{"rendered":"https:\/\/novuxstudio.com\/intecol\/?page_id=1176"},"modified":"2025-06-24T17:46:41","modified_gmt":"2025-06-24T17:46:41","slug":"politica-de-calidad-2","status":"publish","type":"page","link":"https:\/\/www.intecol.edu.co\/web\/politica-de-calidad-2\/","title":{"rendered":"Pol\u00edtica de calidad"},"content":{"rendered":"\t\t<div data-elementor-type=\"wp-page\" data-elementor-id=\"1176\" class=\"elementor elementor-1176\" data-elementor-post-type=\"page\">\n\t\t\t\t<div class=\"elementor-element elementor-element-4900cbd e-flex e-con-boxed e-con e-parent\" data-id=\"4900cbd\" data-element_type=\"container\" data-e-type=\"container\" data-settings=\"{&quot;ekit_has_onepagescroll_dot&quot;:&quot;yes&quot;}\">\n\t\t\t\t\t<div class=\"e-con-inner\">\n\t\t\t\t<div class=\"elementor-element elementor-element-6c9b60c elementor-widget__width-initial elementor-widget elementor-widget-heading\" data-id=\"6c9b60c\" data-element_type=\"widget\" data-e-type=\"widget\" data-settings=\"{&quot;ekit_we_effect_on&quot;:&quot;none&quot;}\" data-widget_type=\"heading.default\">\n\t\t\t\t<div class=\"elementor-widget-container\">\n\t\t\t\t\t<h2 class=\"elementor-heading-title elementor-size-default\">Pol\u00edtica de calidad<\/h2>\t\t\t\t<\/div>\n\t\t\t\t<\/div>\n\t\t\t\t<div class=\"elementor-element elementor-element-2ae5741 elementor-widget elementor-widget-text-editor\" data-id=\"2ae5741\" data-element_type=\"widget\" data-e-type=\"widget\" data-settings=\"{&quot;ekit_we_effect_on&quot;:&quot;none&quot;}\" data-widget_type=\"text-editor.default\">\n\t\t\t\t<div class=\"elementor-widget-container\">\n\t\t\t\t\t\t\t\t\t<p>En el\u00a0Instituto T\u00e9cnico Colombiano\u00a0INTECOL<strong>,\u00a0<\/strong>trabajamos por la excelencia en la prestaci\u00f3n de los servicios educativos presenciales, virtuales y \u00a0a distancia, mediante la ejecuci\u00f3n de programas de formaci\u00f3n para el trabajo y el desarrollo humano, acordes a las necesidades de los diferentes sectores en nuestro Pa\u00eds, con un enfoque hacia la internacionalizaci\u00f3n de los mismos, mediante procesos pedag\u00f3gicos din\u00e1micos y adecuados, que nos permitan satisfacer las necesidades y expectativas de todos los grupos de inter\u00e9s que forman parte de la comunidad Intecolista. Para ello contamos con la participaci\u00f3n de un talento humano id\u00f3neo, \u00e9tico, competente y comprometido con; La mejora continua, la calidad del servicio educativo, los\u00a0<em>Sistemas de gesti\u00f3n,<\/em> la gesti\u00f3n del riesgo y las actividades de la vida saludable, a trav\u00e9s del cumplimiento de las normas t\u00e9cnicas asociadas, los requisitos legales vigentes, m\u00e1s la efectividad en el manejo de los recursos y el compromiso con el medio ambiente.<\/p>\t\t\t\t\t\t\t\t<\/div>\n\t\t\t\t<\/div>\n\t\t\t\t<div class=\"elementor-element elementor-element-07b6081 elementor-widget elementor-widget-text-editor\" data-id=\"07b6081\" data-element_type=\"widget\" data-e-type=\"widget\" data-settings=\"{&quot;ekit_we_effect_on&quot;:&quot;none&quot;}\" data-widget_type=\"text-editor.default\">\n\t\t\t\t<div class=\"elementor-widget-container\">\n\t\t\t\t\t\t\t\t\t<p>Objetivos de la pol\u00edtica de calidad<\/p>\t\t\t\t\t\t\t\t<\/div>\n\t\t\t\t<\/div>\n\t\t\t\t<div class=\"elementor-element elementor-element-8adfebb elementor-widget elementor-widget-text-editor\" data-id=\"8adfebb\" data-element_type=\"widget\" data-e-type=\"widget\" data-settings=\"{&quot;ekit_we_effect_on&quot;:&quot;none&quot;}\" data-widget_type=\"text-editor.default\">\n\t\t\t\t<div class=\"elementor-widget-container\">\n\t\t\t\t\t\t\t\t\t<ul><li>Asignar los recursos humanos, financieros y t\u00e9cnicos necesarios para el desarrollo \u00f3ptimo de las actividades acad\u00e9micas y laborales<\/li><li>Cumplir con el contenido del programa acad\u00e9mico (Formaci\u00f3n por M\u00f3dulos)<\/li><li>Promover por medio de las plataformas tecnol\u00f3gicas la actualizaci\u00f3n permanente de conocimiento del personal administrativo, facilitadores, estudiantes y egresados.<\/li><li>Lograr la satisfacci\u00f3n general de los requerimientos de la comunidad Intecolista y dem\u00e1s grupos de inter\u00e9s.<\/li><li>Evidenciar un compromiso con la mejora continua y la innovaci\u00f3n de acuerdo a las exigencias del momento.<\/li><\/ul>\t\t\t\t\t\t\t\t<\/div>\n\t\t\t\t<\/div>\n\t\t\t\t\t<\/div>\n\t\t\t\t<\/div>\n\t\t\t\t<\/div>\n\t\t","protected":false},"excerpt":{"rendered":"<p>Pol\u00edtica de calidad En el\u00a0Instituto T\u00e9cnico Colombiano\u00a0INTECOL,\u00a0trabajamos por la excelencia en la prestaci\u00f3n de los servicios educativos presenciales, virtuales y \u00a0a distancia, mediante la ejecuci\u00f3n de programas de formaci\u00f3n para el trabajo y el desarrollo humano, acordes a las necesidades de los diferentes sectores en nuestro Pa\u00eds, con un enfoque hacia la internacionalizaci\u00f3n de los [&hellip;]<\/p>\n","protected":false},"author":2,"featured_media":0,"parent":0,"menu_order":0,"comment_status":"closed","ping_status":"closed","template":"","meta":{"_joinchat":[],"footnotes":""},"class_list":["post-1176","page","type-page","status-publish","hentry"],"yoast_head":"<!-- This site is optimized with the Yoast SEO plugin v27.0 - https:\/\/yoast.com\/product\/yoast-seo-wordpress\/ -->\n<title>Pol\u00edtica de calidad - Intecol<\/title>\n<meta name=\"robots\" content=\"index, follow, max-snippet:-1, max-image-preview:large, max-video-preview:-1\" \/>\n<link rel=\"canonical\" href=\"https:\/\/www.intecol.edu.co\/web\/politica-de-calidad-2\/\" \/>\n<meta property=\"og:locale\" content=\"es_ES\" \/>\n<meta property=\"og:type\" content=\"article\" \/>\n<meta property=\"og:title\" content=\"Pol\u00edtica de calidad - Intecol\" \/>\n<meta property=\"og:description\" content=\"Pol\u00edtica de calidad En el\u00a0Instituto T\u00e9cnico Colombiano\u00a0INTECOL,\u00a0trabajamos por la excelencia en la prestaci\u00f3n de los servicios educativos presenciales, virtuales y \u00a0a distancia, mediante la ejecuci\u00f3n de programas de formaci\u00f3n para el trabajo y el desarrollo humano, acordes a las necesidades de los diferentes sectores en nuestro Pa\u00eds, con un enfoque hacia la internacionalizaci\u00f3n de los [&hellip;]\" \/>\n<meta property=\"og:url\" content=\"https:\/\/www.intecol.edu.co\/web\/politica-de-calidad-2\/\" \/>\n<meta property=\"og:site_name\" content=\"Intecol\" \/>\n<meta property=\"article:modified_time\" content=\"2025-06-24T17:46:41+00:00\" \/>\n<meta name=\"twitter:card\" content=\"summary_large_image\" \/>\n<meta name=\"twitter:label1\" content=\"Tiempo de lectura\" \/>\n\t<meta name=\"twitter:data1\" content=\"2 minutos\" \/>\n<script type=\"application\/ld+json\" class=\"yoast-schema-graph\">{\"@context\":\"https:\/\/schema.org\",\"@graph\":[{\"@type\":\"WebPage\",\"@id\":\"https:\/\/www.intecol.edu.co\/web\/politica-de-calidad-2\/\",\"url\":\"https:\/\/www.intecol.edu.co\/web\/politica-de-calidad-2\/\",\"name\":\"Pol\u00edtica de calidad - Intecol\",\"isPartOf\":{\"@id\":\"https:\/\/www.intecol.edu.co\/web\/#website\"},\"datePublished\":\"2025-05-21T16:49:27+00:00\",\"dateModified\":\"2025-06-24T17:46:41+00:00\",\"breadcrumb\":{\"@id\":\"https:\/\/www.intecol.edu.co\/web\/politica-de-calidad-2\/#breadcrumb\"},\"inLanguage\":\"es\",\"potentialAction\":[{\"@type\":\"ReadAction\",\"target\":[\"https:\/\/www.intecol.edu.co\/web\/politica-de-calidad-2\/\"]}]},{\"@type\":\"BreadcrumbList\",\"@id\":\"https:\/\/www.intecol.edu.co\/web\/politica-de-calidad-2\/#breadcrumb\",\"itemListElement\":[{\"@type\":\"ListItem\",\"position\":1,\"name\":\"Inicio\",\"item\":\"https:\/\/www.intecol.edu.co\/web\/\"},{\"@type\":\"ListItem\",\"position\":2,\"name\":\"Pol\u00edtica de calidad\"}]},{\"@type\":\"WebSite\",\"@id\":\"https:\/\/www.intecol.edu.co\/web\/#website\",\"url\":\"https:\/\/www.intecol.edu.co\/web\/\",\"name\":\"Intecol\",\"description\":\"Tu futuro, nuestro prop\u00f3sito\",\"potentialAction\":[{\"@type\":\"SearchAction\",\"target\":{\"@type\":\"EntryPoint\",\"urlTemplate\":\"https:\/\/www.intecol.edu.co\/web\/?s={search_term_string}\"},\"query-input\":{\"@type\":\"PropertyValueSpecification\",\"valueRequired\":true,\"valueName\":\"search_term_string\"}}],\"inLanguage\":\"es\"}]}<\/script>\n<!-- \/ Yoast SEO plugin. -->","yoast_head_json":{"title":"Pol\u00edtica de calidad - Intecol","robots":{"index":"index","follow":"follow","max-snippet":"max-snippet:-1","max-image-preview":"max-image-preview:large","max-video-preview":"max-video-preview:-1"},"canonical":"https:\/\/www.intecol.edu.co\/web\/politica-de-calidad-2\/","og_locale":"es_ES","og_type":"article","og_title":"Pol\u00edtica de calidad - Intecol","og_description":"Pol\u00edtica de calidad En el\u00a0Instituto T\u00e9cnico Colombiano\u00a0INTECOL,\u00a0trabajamos por la excelencia en la prestaci\u00f3n de los servicios educativos presenciales, virtuales y \u00a0a distancia, mediante la ejecuci\u00f3n de programas de formaci\u00f3n para el trabajo y el desarrollo humano, acordes a las necesidades de los diferentes sectores en nuestro Pa\u00eds, con un enfoque hacia la internacionalizaci\u00f3n de los [&hellip;]","og_url":"https:\/\/www.intecol.edu.co\/web\/politica-de-calidad-2\/","og_site_name":"Intecol","article_modified_time":"2025-06-24T17:46:41+00:00","twitter_card":"summary_large_image","twitter_misc":{"Tiempo de lectura":"2 minutos"},"schema":{"@context":"https:\/\/schema.org","@graph":[{"@type":"WebPage","@id":"https:\/\/www.intecol.edu.co\/web\/politica-de-calidad-2\/","url":"https:\/\/www.intecol.edu.co\/web\/politica-de-calidad-2\/","name":"Pol\u00edtica de calidad - Intecol","isPartOf":{"@id":"https:\/\/www.intecol.edu.co\/web\/#website"},"datePublished":"2025-05-21T16:49:27+00:00","dateModified":"2025-06-24T17:46:41+00:00","breadcrumb":{"@id":"https:\/\/www.intecol.edu.co\/web\/politica-de-calidad-2\/#breadcrumb"},"inLanguage":"es","potentialAction":[{"@type":"ReadAction","target":["https:\/\/www.intecol.edu.co\/web\/politica-de-calidad-2\/"]}]},{"@type":"BreadcrumbList","@id":"https:\/\/www.intecol.edu.co\/web\/politica-de-calidad-2\/#breadcrumb","itemListElement":[{"@type":"ListItem","position":1,"name":"Inicio","item":"https:\/\/www.intecol.edu.co\/web\/"},{"@type":"ListItem","position":2,"name":"Pol\u00edtica de calidad"}]},{"@type":"WebSite","@id":"https:\/\/www.intecol.edu.co\/web\/#website","url":"https:\/\/www.intecol.edu.co\/web\/","name":"Intecol","description":"Tu futuro, nuestro prop\u00f3sito","potentialAction":[{"@type":"SearchAction","target":{"@type":"EntryPoint","urlTemplate":"https:\/\/www.intecol.edu.co\/web\/?s={search_term_string}"},"query-input":{"@type":"PropertyValueSpecification","valueRequired":true,"valueName":"search_term_string"}}],"inLanguage":"es"}]}},"_links":{"self":[{"href":"https:\/\/www.intecol.edu.co\/web\/wp-json\/wp\/v2\/pages\/1176","targetHints":{"allow":["GET"]}}],"collection":[{"href":"https:\/\/www.intecol.edu.co\/web\/wp-json\/wp\/v2\/pages"}],"about":[{"href":"https:\/\/www.intecol.edu.co\/web\/wp-json\/wp\/v2\/types\/page"}],"author":[{"embeddable":true,"href":"https:\/\/www.intecol.edu.co\/web\/wp-json\/wp\/v2\/users\/2"}],"replies":[{"embeddable":true,"href":"https:\/\/www.intecol.edu.co\/web\/wp-json\/wp\/v2\/comments?post=1176"}],"version-history":[{"count":13,"href":"https:\/\/www.intecol.edu.co\/web\/wp-json\/wp\/v2\/pages\/1176\/revisions"}],"predecessor-version":[{"id":2192,"href":"https:\/\/www.intecol.edu.co\/web\/wp-json\/wp\/v2\/pages\/1176\/revisions\/2192"}],"wp:attachment":[{"href":"https:\/\/www.intecol.edu.co\/web\/wp-json\/wp\/v2\/media?parent=1176"}],"curies":[{"name":"wp","href":"https:\/\/api.w.org\/{rel}","templated":true}]}}