{"id":1390,"date":"2025-05-28T18:17:35","date_gmt":"2025-05-28T18:17:35","guid":{"rendered":"https:\/\/novuxstudio.com\/intecol\/?page_id=1390"},"modified":"2025-11-19T17:11:16","modified_gmt":"2025-11-19T17:11:16","slug":"convenios","status":"publish","type":"page","link":"https:\/\/www.intecol.edu.co\/web\/convenios\/","title":{"rendered":"Convenios"},"content":{"rendered":"\t\t<div data-elementor-type=\"wp-page\" data-elementor-id=\"1390\" class=\"elementor elementor-1390\" data-elementor-post-type=\"page\">\n\t\t\t\t<div class=\"elementor-element elementor-element-2f477f0 e-flex e-con-boxed e-con e-parent\" data-id=\"2f477f0\" data-element_type=\"container\" data-e-type=\"container\" data-settings=\"{&quot;background_background&quot;:&quot;classic&quot;,&quot;ekit_has_onepagescroll_dot&quot;:&quot;yes&quot;}\">\n\t\t\t\t\t<div class=\"e-con-inner\">\n\t\t\t\t<div class=\"elementor-element elementor-element-0f5509d elementor-widget__width-initial elementor-widget elementor-widget-heading\" data-id=\"0f5509d\" data-element_type=\"widget\" data-e-type=\"widget\" data-settings=\"{&quot;ekit_we_effect_on&quot;:&quot;none&quot;}\" data-widget_type=\"heading.default\">\n\t\t\t\t<div class=\"elementor-widget-container\">\n\t\t\t\t\t<h2 class=\"elementor-heading-title elementor-size-default\">Convenios<\/h2>\t\t\t\t<\/div>\n\t\t\t\t<\/div>\n\t\t\t\t\t<\/div>\n\t\t\t\t<\/div>\n\t\t<div class=\"elementor-element elementor-element-6b45797 e-flex e-con-boxed e-con e-parent\" data-id=\"6b45797\" data-element_type=\"container\" data-e-type=\"container\" data-settings=\"{&quot;ekit_has_onepagescroll_dot&quot;:&quot;yes&quot;}\">\n\t\t\t\t\t<div class=\"e-con-inner\">\n\t\t\t\t<div class=\"elementor-element elementor-element-7b2de61 elementor-widget__width-initial elementor-widget elementor-widget-heading\" data-id=\"7b2de61\" data-element_type=\"widget\" data-e-type=\"widget\" data-settings=\"{&quot;ekit_we_effect_on&quot;:&quot;none&quot;}\" data-widget_type=\"heading.default\">\n\t\t\t\t<div class=\"elementor-widget-container\">\n\t\t\t\t\t<h2 class=\"elementor-heading-title elementor-size-default\">Convenios de pr\u00e1cticas que abren puertas al futuro\u00a0Profesional<\/h2>\t\t\t\t<\/div>\n\t\t\t\t<\/div>\n\t\t<div class=\"elementor-element elementor-element-51bf3c5 e-con-full e-flex e-con e-child\" data-id=\"51bf3c5\" data-element_type=\"container\" data-e-type=\"container\" data-settings=\"{&quot;ekit_has_onepagescroll_dot&quot;:&quot;yes&quot;}\">\n\t\t\t\t<div class=\"elementor-element elementor-element-206a066 elementor-widget__width-initial elementor-widget-mobile__width-inherit elementor-widget elementor-widget-text-editor\" data-id=\"206a066\" data-element_type=\"widget\" data-e-type=\"widget\" data-settings=\"{&quot;ekit_we_effect_on&quot;:&quot;none&quot;}\" data-widget_type=\"text-editor.default\">\n\t\t\t\t<div class=\"elementor-widget-container\">\n\t\t\t\t\t\t\t\t\t<p style=\"text-align: left;\">En <strong>INTECOL<\/strong> creemos en el poder de las alianzas para transformar vidas. Por eso, contamos con m\u00e1s de 1.500 empresas aliadas que conf\u00edan en nuestro talento y participan activamente en nuestros convenios de pr\u00e1cticas profesionales.<\/p><p style=\"text-align: left;\">Estos convenios permiten a los estudiantes integrarse al mundo laboral real, aplicar sus conocimientos y desarrollar habilidades clave para su crecimiento profesional. A su vez, las empresas acceden a perfiles actualizados, comprometidos y listos para aportar valor desde el primer d\u00eda.<\/p><p style=\"text-align: left;\">Ya sea en sectores como tecnolog\u00eda, salud, administraci\u00f3n, log\u00edstica o comunicaciones, nuestras alianzas garantizan oportunidades reales para formar y descubrir el talento\u00a0del\u00a0ma\u00f1ana.<\/p>\t\t\t\t\t\t\t\t<\/div>\n\t\t\t\t<\/div>\n\t\t\t\t<div class=\"elementor-element elementor-element-7a8b93c elementor-widget__width-initial elementor-widget-mobile__width-inherit elementor-widget elementor-widget-image\" data-id=\"7a8b93c\" data-element_type=\"widget\" data-e-type=\"widget\" data-settings=\"{&quot;ekit_we_effect_on&quot;:&quot;none&quot;}\" data-widget_type=\"image.default\">\n\t\t\t\t<div class=\"elementor-widget-container\">\n\t\t\t\t\t\t\t\t\t\t\t\t\t\t\t<img fetchpriority=\"high\" decoding=\"async\" width=\"600\" height=\"600\" src=\"https:\/\/www.intecol.edu.co\/web\/wp-content\/uploads\/2025\/05\/Diseno-sin-titulo-15.png\" class=\"attachment-large size-large wp-image-1412\" alt=\"\" srcset=\"https:\/\/www.intecol.edu.co\/web\/wp-content\/uploads\/2025\/05\/Diseno-sin-titulo-15.png 600w, https:\/\/www.intecol.edu.co\/web\/wp-content\/uploads\/2025\/05\/Diseno-sin-titulo-15-300x300.png 300w, https:\/\/www.intecol.edu.co\/web\/wp-content\/uploads\/2025\/05\/Diseno-sin-titulo-15-150x150.png 150w\" sizes=\"(max-width: 600px) 100vw, 600px\" \/>\t\t\t\t\t\t\t\t\t\t\t\t\t\t\t<\/div>\n\t\t\t\t<\/div>\n\t\t\t\t<\/div>\n\t\t\t\t\t<\/div>\n\t\t\t\t<\/div>\n\t\t<div class=\"elementor-element elementor-element-d4b8a93 e-flex e-con-boxed e-con e-parent\" data-id=\"d4b8a93\" data-element_type=\"container\" data-e-type=\"container\" data-settings=\"{&quot;ekit_has_onepagescroll_dot&quot;:&quot;yes&quot;}\">\n\t\t\t\t\t<div class=\"e-con-inner\">\n\t\t<div class=\"elementor-element elementor-element-3ec9a92 e-flex e-con-boxed e-con e-child\" data-id=\"3ec9a92\" data-element_type=\"container\" data-e-type=\"container\" data-settings=\"{&quot;ekit_has_onepagescroll_dot&quot;:&quot;yes&quot;}\">\n\t\t\t\t\t<div class=\"e-con-inner\">\n\t\t\t\t<div class=\"elementor-element elementor-element-cf49fa9 elementor-widget__width-initial elementor-widget elementor-widget-heading\" data-id=\"cf49fa9\" data-element_type=\"widget\" data-e-type=\"widget\" data-settings=\"{&quot;ekit_we_effect_on&quot;:&quot;none&quot;}\" data-widget_type=\"heading.default\">\n\t\t\t\t<div class=\"elementor-widget-container\">\n\t\t\t\t\t<h2 class=\"elementor-heading-title elementor-size-default\">Conoce nuestros aliados<\/h2>\t\t\t\t<\/div>\n\t\t\t\t<\/div>\n\t\t\t\t<div class=\"elementor-element elementor-element-c3bae28 elementor-arrows-position-inside elementor-pagination-position-outside elementor-widget elementor-widget-image-carousel\" data-id=\"c3bae28\" data-element_type=\"widget\" data-e-type=\"widget\" data-settings=\"{&quot;slides_to_show&quot;:&quot;4&quot;,&quot;navigation&quot;:&quot;both&quot;,&quot;autoplay&quot;:&quot;yes&quot;,&quot;pause_on_hover&quot;:&quot;yes&quot;,&quot;pause_on_interaction&quot;:&quot;yes&quot;,&quot;autoplay_speed&quot;:5000,&quot;infinite&quot;:&quot;yes&quot;,&quot;speed&quot;:500,&quot;ekit_we_effect_on&quot;:&quot;none&quot;}\" data-widget_type=\"image-carousel.default\">\n\t\t\t\t<div class=\"elementor-widget-container\">\n\t\t\t\t\t\t\t<div class=\"elementor-image-carousel-wrapper swiper\" role=\"region\" aria-roledescription=\"carousel\" aria-label=\"Carrusel de im\u00e1genes\" dir=\"ltr\">\n\t\t\t<div class=\"elementor-image-carousel swiper-wrapper\" aria-live=\"off\">\n\t\t\t\t\t\t\t\t<div class=\"swiper-slide\" role=\"group\" aria-roledescription=\"slide\" aria-label=\"1 de 20\"><figure class=\"swiper-slide-inner\"><img decoding=\"async\" class=\"swiper-slide-image\" src=\"https:\/\/www.intecol.edu.co\/web\/wp-content\/uploads\/2025\/06\/1-150x150.png\" alt=\"1\" \/><\/figure><\/div><div class=\"swiper-slide\" role=\"group\" aria-roledescription=\"slide\" aria-label=\"2 de 20\"><figure class=\"swiper-slide-inner\"><img decoding=\"async\" class=\"swiper-slide-image\" src=\"https:\/\/www.intecol.edu.co\/web\/wp-content\/uploads\/2025\/06\/2-150x150.png\" alt=\"2\" \/><\/figure><\/div><div class=\"swiper-slide\" role=\"group\" aria-roledescription=\"slide\" aria-label=\"3 de 20\"><figure class=\"swiper-slide-inner\"><img decoding=\"async\" class=\"swiper-slide-image\" src=\"https:\/\/www.intecol.edu.co\/web\/wp-content\/uploads\/2025\/06\/3-150x150.png\" alt=\"3\" \/><\/figure><\/div><div class=\"swiper-slide\" role=\"group\" aria-roledescription=\"slide\" aria-label=\"4 de 20\"><figure class=\"swiper-slide-inner\"><img decoding=\"async\" class=\"swiper-slide-image\" src=\"https:\/\/www.intecol.edu.co\/web\/wp-content\/uploads\/2025\/06\/4-150x150.png\" alt=\"4\" \/><\/figure><\/div><div class=\"swiper-slide\" role=\"group\" aria-roledescription=\"slide\" aria-label=\"5 de 20\"><figure class=\"swiper-slide-inner\"><img decoding=\"async\" class=\"swiper-slide-image\" src=\"https:\/\/www.intecol.edu.co\/web\/wp-content\/uploads\/2025\/06\/5-150x150.png\" alt=\"5\" \/><\/figure><\/div><div class=\"swiper-slide\" role=\"group\" aria-roledescription=\"slide\" aria-label=\"6 de 20\"><figure class=\"swiper-slide-inner\"><img decoding=\"async\" class=\"swiper-slide-image\" src=\"https:\/\/www.intecol.edu.co\/web\/wp-content\/uploads\/2025\/06\/6-150x150.png\" alt=\"6\" \/><\/figure><\/div><div class=\"swiper-slide\" role=\"group\" aria-roledescription=\"slide\" aria-label=\"7 de 20\"><figure class=\"swiper-slide-inner\"><img decoding=\"async\" class=\"swiper-slide-image\" src=\"https:\/\/www.intecol.edu.co\/web\/wp-content\/uploads\/2025\/06\/7-150x150.png\" alt=\"7\" \/><\/figure><\/div><div class=\"swiper-slide\" role=\"group\" aria-roledescription=\"slide\" aria-label=\"8 de 20\"><figure class=\"swiper-slide-inner\"><img decoding=\"async\" class=\"swiper-slide-image\" src=\"https:\/\/www.intecol.edu.co\/web\/wp-content\/uploads\/2025\/06\/8-150x150.png\" alt=\"8\" \/><\/figure><\/div><div class=\"swiper-slide\" role=\"group\" aria-roledescription=\"slide\" aria-label=\"9 de 20\"><figure class=\"swiper-slide-inner\"><img decoding=\"async\" class=\"swiper-slide-image\" src=\"https:\/\/www.intecol.edu.co\/web\/wp-content\/uploads\/2025\/06\/9-150x150.png\" alt=\"9\" \/><\/figure><\/div><div class=\"swiper-slide\" role=\"group\" aria-roledescription=\"slide\" aria-label=\"10 de 20\"><figure class=\"swiper-slide-inner\"><img decoding=\"async\" class=\"swiper-slide-image\" src=\"https:\/\/www.intecol.edu.co\/web\/wp-content\/uploads\/2025\/06\/10-150x150.png\" alt=\"10\" \/><\/figure><\/div><div class=\"swiper-slide\" role=\"group\" aria-roledescription=\"slide\" aria-label=\"11 de 20\"><figure class=\"swiper-slide-inner\"><img decoding=\"async\" class=\"swiper-slide-image\" src=\"https:\/\/www.intecol.edu.co\/web\/wp-content\/uploads\/2025\/06\/11-150x150.png\" alt=\"11\" \/><\/figure><\/div><div class=\"swiper-slide\" role=\"group\" aria-roledescription=\"slide\" aria-label=\"12 de 20\"><figure class=\"swiper-slide-inner\"><img decoding=\"async\" class=\"swiper-slide-image\" src=\"https:\/\/www.intecol.edu.co\/web\/wp-content\/uploads\/2025\/06\/12-150x150.png\" alt=\"12\" \/><\/figure><\/div><div class=\"swiper-slide\" role=\"group\" aria-roledescription=\"slide\" aria-label=\"13 de 20\"><figure class=\"swiper-slide-inner\"><img decoding=\"async\" class=\"swiper-slide-image\" src=\"https:\/\/www.intecol.edu.co\/web\/wp-content\/uploads\/2025\/06\/13-150x150.png\" alt=\"13\" \/><\/figure><\/div><div class=\"swiper-slide\" role=\"group\" aria-roledescription=\"slide\" aria-label=\"14 de 20\"><figure class=\"swiper-slide-inner\"><img decoding=\"async\" class=\"swiper-slide-image\" src=\"https:\/\/www.intecol.edu.co\/web\/wp-content\/uploads\/2025\/06\/14-150x150.png\" alt=\"14\" \/><\/figure><\/div><div class=\"swiper-slide\" role=\"group\" aria-roledescription=\"slide\" aria-label=\"15 de 20\"><figure class=\"swiper-slide-inner\"><img decoding=\"async\" class=\"swiper-slide-image\" src=\"https:\/\/www.intecol.edu.co\/web\/wp-content\/uploads\/2025\/06\/15-150x150.png\" alt=\"15\" \/><\/figure><\/div><div class=\"swiper-slide\" role=\"group\" aria-roledescription=\"slide\" aria-label=\"16 de 20\"><figure class=\"swiper-slide-inner\"><img decoding=\"async\" class=\"swiper-slide-image\" src=\"https:\/\/www.intecol.edu.co\/web\/wp-content\/uploads\/2025\/06\/16-150x150.png\" alt=\"16\" \/><\/figure><\/div><div class=\"swiper-slide\" role=\"group\" aria-roledescription=\"slide\" aria-label=\"17 de 20\"><figure class=\"swiper-slide-inner\"><img decoding=\"async\" class=\"swiper-slide-image\" src=\"https:\/\/www.intecol.edu.co\/web\/wp-content\/uploads\/2025\/06\/17-150x150.png\" alt=\"17\" \/><\/figure><\/div><div class=\"swiper-slide\" role=\"group\" aria-roledescription=\"slide\" aria-label=\"18 de 20\"><figure class=\"swiper-slide-inner\"><img decoding=\"async\" class=\"swiper-slide-image\" src=\"https:\/\/www.intecol.edu.co\/web\/wp-content\/uploads\/2025\/06\/18-150x150.png\" alt=\"18\" \/><\/figure><\/div><div class=\"swiper-slide\" role=\"group\" aria-roledescription=\"slide\" aria-label=\"19 de 20\"><figure class=\"swiper-slide-inner\"><img decoding=\"async\" class=\"swiper-slide-image\" src=\"https:\/\/www.intecol.edu.co\/web\/wp-content\/uploads\/2025\/06\/19-150x150.png\" alt=\"19\" \/><\/figure><\/div><div class=\"swiper-slide\" role=\"group\" aria-roledescription=\"slide\" aria-label=\"20 de 20\"><figure class=\"swiper-slide-inner\"><img decoding=\"async\" class=\"swiper-slide-image\" src=\"https:\/\/www.intecol.edu.co\/web\/wp-content\/uploads\/2025\/06\/20-150x150.png\" alt=\"20\" \/><\/figure><\/div>\t\t\t<\/div>\n\t\t\t\t\t\t\t\t\t\t\t\t<div class=\"elementor-swiper-button elementor-swiper-button-prev\" role=\"button\" tabindex=\"0\">\n\t\t\t\t\t\t<svg aria-hidden=\"true\" class=\"e-font-icon-svg e-eicon-chevron-left\" viewBox=\"0 0 1000 1000\" xmlns=\"http:\/\/www.w3.org\/2000\/svg\"><path d=\"M646 125C629 125 613 133 604 142L308 442C296 454 292 471 292 487 292 504 296 521 308 533L604 854C617 867 629 875 646 875 663 875 679 871 692 858 704 846 713 829 713 812 713 796 708 779 692 767L438 487 692 225C700 217 708 204 708 187 708 171 704 154 692 142 675 129 663 125 646 125Z\"><\/path><\/svg>\t\t\t\t\t<\/div>\n\t\t\t\t\t<div class=\"elementor-swiper-button elementor-swiper-button-next\" role=\"button\" tabindex=\"0\">\n\t\t\t\t\t\t<svg aria-hidden=\"true\" class=\"e-font-icon-svg e-eicon-chevron-right\" viewBox=\"0 0 1000 1000\" xmlns=\"http:\/\/www.w3.org\/2000\/svg\"><path d=\"M696 533C708 521 713 504 713 487 713 471 708 454 696 446L400 146C388 133 375 125 354 125 338 125 325 129 313 142 300 154 292 171 292 187 292 204 296 221 308 233L563 492 304 771C292 783 288 800 288 817 288 833 296 850 308 863 321 871 338 875 354 875 371 875 388 867 400 854L696 533Z\"><\/path><\/svg>\t\t\t\t\t<\/div>\n\t\t\t\t\n\t\t\t\t\t\t\t\t\t<div class=\"swiper-pagination\"><\/div>\n\t\t\t\t\t\t\t\t\t<\/div>\n\t\t\t\t\t\t<\/div>\n\t\t\t\t<\/div>\n\t\t\t\t\t<\/div>\n\t\t\t\t<\/div>\n\t\t\t\t\t<\/div>\n\t\t\t\t<\/div>\n\t\t\t\t<\/div>\n\t\t","protected":false},"excerpt":{"rendered":"<p>Convenios Convenios de pr\u00e1cticas que abren puertas al futuro\u00a0Profesional En INTECOL creemos en el poder de las alianzas para transformar vidas. Por eso, contamos con m\u00e1s de 1.500 empresas aliadas que conf\u00edan en nuestro talento y participan activamente en nuestros convenios de pr\u00e1cticas profesionales. Estos convenios permiten a los estudiantes integrarse al mundo laboral real, [&hellip;]<\/p>\n","protected":false},"author":3,"featured_media":0,"parent":0,"menu_order":0,"comment_status":"closed","ping_status":"closed","template":"","meta":{"_joinchat":[],"footnotes":""},"class_list":["post-1390","page","type-page","status-publish","hentry"],"yoast_head":"<!-- This site is optimized with the Yoast SEO plugin v27.0 - https:\/\/yoast.com\/product\/yoast-seo-wordpress\/ -->\n<title>Convenios - Intecol<\/title>\n<meta name=\"description\" content=\"Conoce los convenios de INTECOL con empresas aliadas que fortalecen la formaci\u00f3n t\u00e9cnica y facilitan pr\u00e1cticas, empleabilidad y oportunidades reales para nuestros estudiantes.\" \/>\n<meta name=\"robots\" content=\"index, follow, max-snippet:-1, max-image-preview:large, max-video-preview:-1\" \/>\n<link rel=\"canonical\" href=\"https:\/\/www.intecol.edu.co\/web\/convenios\/\" \/>\n<meta property=\"og:locale\" content=\"es_ES\" \/>\n<meta property=\"og:type\" content=\"article\" \/>\n<meta property=\"og:title\" content=\"Convenios\" \/>\n<meta property=\"og:description\" content=\"Conoce los convenios de INTECOL con empresas aliadas que fortalecen la formaci\u00f3n t\u00e9cnica y facilitan pr\u00e1cticas, empleabilidad y oportunidades reales para nuestros estudiantes.\" \/>\n<meta property=\"og:url\" content=\"https:\/\/www.intecol.edu.co\/web\/convenios\/\" \/>\n<meta property=\"og:site_name\" content=\"Intecol\" \/>\n<meta property=\"article:modified_time\" content=\"2025-11-19T17:11:16+00:00\" \/>\n<meta property=\"og:image\" content=\"https:\/\/www.intecol.edu.co\/web\/wp-content\/uploads\/2025\/11\/FOLLETO-1.jpg\" \/>\n\t<meta property=\"og:image:width\" content=\"1080\" \/>\n\t<meta property=\"og:image:height\" content=\"1350\" \/>\n\t<meta property=\"og:image:type\" content=\"image\/jpeg\" \/>\n<meta name=\"twitter:card\" content=\"summary_large_image\" \/>\n<meta name=\"twitter:title\" content=\"Convenios\" \/>\n<meta name=\"twitter:description\" content=\"Conoce los convenios de INTECOL con empresas aliadas que fortalecen la formaci\u00f3n t\u00e9cnica y facilitan pr\u00e1cticas, empleabilidad y oportunidades reales para nuestros estudiantes.\" \/>\n<meta name=\"twitter:image\" content=\"https:\/\/www.intecol.edu.co\/web\/wp-content\/uploads\/2025\/11\/FOLLETO-1.jpg\" \/>\n<meta name=\"twitter:label1\" content=\"Tiempo de lectura\" \/>\n\t<meta name=\"twitter:data1\" content=\"5 minutos\" \/>\n<script type=\"application\/ld+json\" class=\"yoast-schema-graph\">{\"@context\":\"https:\/\/schema.org\",\"@graph\":[{\"@type\":\"WebPage\",\"@id\":\"https:\/\/www.intecol.edu.co\/web\/convenios\/\",\"url\":\"https:\/\/www.intecol.edu.co\/web\/convenios\/\",\"name\":\"Convenios - Intecol\",\"isPartOf\":{\"@id\":\"https:\/\/www.intecol.edu.co\/web\/#website\"},\"primaryImageOfPage\":{\"@id\":\"https:\/\/www.intecol.edu.co\/web\/convenios\/#primaryimage\"},\"image\":{\"@id\":\"https:\/\/www.intecol.edu.co\/web\/convenios\/#primaryimage\"},\"thumbnailUrl\":\"https:\/\/www.intecol.edu.co\/web\/wp-content\/uploads\/2025\/05\/Diseno-sin-titulo-15.png\",\"datePublished\":\"2025-05-28T18:17:35+00:00\",\"dateModified\":\"2025-11-19T17:11:16+00:00\",\"description\":\"Conoce los convenios de INTECOL con empresas aliadas que fortalecen la formaci\u00f3n t\u00e9cnica y facilitan pr\u00e1cticas, empleabilidad y oportunidades reales para nuestros estudiantes.\",\"breadcrumb\":{\"@id\":\"https:\/\/www.intecol.edu.co\/web\/convenios\/#breadcrumb\"},\"inLanguage\":\"es\",\"potentialAction\":[{\"@type\":\"ReadAction\",\"target\":[\"https:\/\/www.intecol.edu.co\/web\/convenios\/\"]}]},{\"@type\":\"ImageObject\",\"inLanguage\":\"es\",\"@id\":\"https:\/\/www.intecol.edu.co\/web\/convenios\/#primaryimage\",\"url\":\"https:\/\/www.intecol.edu.co\/web\/wp-content\/uploads\/2025\/05\/Diseno-sin-titulo-15.png\",\"contentUrl\":\"https:\/\/www.intecol.edu.co\/web\/wp-content\/uploads\/2025\/05\/Diseno-sin-titulo-15.png\",\"width\":600,\"height\":600},{\"@type\":\"BreadcrumbList\",\"@id\":\"https:\/\/www.intecol.edu.co\/web\/convenios\/#breadcrumb\",\"itemListElement\":[{\"@type\":\"ListItem\",\"position\":1,\"name\":\"Inicio\",\"item\":\"https:\/\/www.intecol.edu.co\/web\/\"},{\"@type\":\"ListItem\",\"position\":2,\"name\":\"Convenios\"}]},{\"@type\":\"WebSite\",\"@id\":\"https:\/\/www.intecol.edu.co\/web\/#website\",\"url\":\"https:\/\/www.intecol.edu.co\/web\/\",\"name\":\"Intecol\",\"description\":\"Tu futuro, nuestro prop\u00f3sito\",\"potentialAction\":[{\"@type\":\"SearchAction\",\"target\":{\"@type\":\"EntryPoint\",\"urlTemplate\":\"https:\/\/www.intecol.edu.co\/web\/?s={search_term_string}\"},\"query-input\":{\"@type\":\"PropertyValueSpecification\",\"valueRequired\":true,\"valueName\":\"search_term_string\"}}],\"inLanguage\":\"es\"}]}<\/script>\n<!-- \/ Yoast SEO plugin. -->","yoast_head_json":{"title":"Convenios - Intecol","description":"Conoce los convenios de INTECOL con empresas aliadas que fortalecen la formaci\u00f3n t\u00e9cnica y facilitan pr\u00e1cticas, empleabilidad y oportunidades reales para nuestros estudiantes.","robots":{"index":"index","follow":"follow","max-snippet":"max-snippet:-1","max-image-preview":"max-image-preview:large","max-video-preview":"max-video-preview:-1"},"canonical":"https:\/\/www.intecol.edu.co\/web\/convenios\/","og_locale":"es_ES","og_type":"article","og_title":"Convenios","og_description":"Conoce los convenios de INTECOL con empresas aliadas que fortalecen la formaci\u00f3n t\u00e9cnica y facilitan pr\u00e1cticas, empleabilidad y oportunidades reales para nuestros estudiantes.","og_url":"https:\/\/www.intecol.edu.co\/web\/convenios\/","og_site_name":"Intecol","article_modified_time":"2025-11-19T17:11:16+00:00","og_image":[{"width":1080,"height":1350,"url":"https:\/\/www.intecol.edu.co\/web\/wp-content\/uploads\/2025\/11\/FOLLETO-1.jpg","type":"image\/jpeg"}],"twitter_card":"summary_large_image","twitter_title":"Convenios","twitter_description":"Conoce los convenios de INTECOL con empresas aliadas que fortalecen la formaci\u00f3n t\u00e9cnica y facilitan pr\u00e1cticas, empleabilidad y oportunidades reales para nuestros estudiantes.","twitter_image":"https:\/\/www.intecol.edu.co\/web\/wp-content\/uploads\/2025\/11\/FOLLETO-1.jpg","twitter_misc":{"Tiempo de lectura":"5 minutos"},"schema":{"@context":"https:\/\/schema.org","@graph":[{"@type":"WebPage","@id":"https:\/\/www.intecol.edu.co\/web\/convenios\/","url":"https:\/\/www.intecol.edu.co\/web\/convenios\/","name":"Convenios - Intecol","isPartOf":{"@id":"https:\/\/www.intecol.edu.co\/web\/#website"},"primaryImageOfPage":{"@id":"https:\/\/www.intecol.edu.co\/web\/convenios\/#primaryimage"},"image":{"@id":"https:\/\/www.intecol.edu.co\/web\/convenios\/#primaryimage"},"thumbnailUrl":"https:\/\/www.intecol.edu.co\/web\/wp-content\/uploads\/2025\/05\/Diseno-sin-titulo-15.png","datePublished":"2025-05-28T18:17:35+00:00","dateModified":"2025-11-19T17:11:16+00:00","description":"Conoce los convenios de INTECOL con empresas aliadas que fortalecen la formaci\u00f3n t\u00e9cnica y facilitan pr\u00e1cticas, empleabilidad y oportunidades reales para nuestros estudiantes.","breadcrumb":{"@id":"https:\/\/www.intecol.edu.co\/web\/convenios\/#breadcrumb"},"inLanguage":"es","potentialAction":[{"@type":"ReadAction","target":["https:\/\/www.intecol.edu.co\/web\/convenios\/"]}]},{"@type":"ImageObject","inLanguage":"es","@id":"https:\/\/www.intecol.edu.co\/web\/convenios\/#primaryimage","url":"https:\/\/www.intecol.edu.co\/web\/wp-content\/uploads\/2025\/05\/Diseno-sin-titulo-15.png","contentUrl":"https:\/\/www.intecol.edu.co\/web\/wp-content\/uploads\/2025\/05\/Diseno-sin-titulo-15.png","width":600,"height":600},{"@type":"BreadcrumbList","@id":"https:\/\/www.intecol.edu.co\/web\/convenios\/#breadcrumb","itemListElement":[{"@type":"ListItem","position":1,"name":"Inicio","item":"https:\/\/www.intecol.edu.co\/web\/"},{"@type":"ListItem","position":2,"name":"Convenios"}]},{"@type":"WebSite","@id":"https:\/\/www.intecol.edu.co\/web\/#website","url":"https:\/\/www.intecol.edu.co\/web\/","name":"Intecol","description":"Tu futuro, nuestro prop\u00f3sito","potentialAction":[{"@type":"SearchAction","target":{"@type":"EntryPoint","urlTemplate":"https:\/\/www.intecol.edu.co\/web\/?s={search_term_string}"},"query-input":{"@type":"PropertyValueSpecification","valueRequired":true,"valueName":"search_term_string"}}],"inLanguage":"es"}]}},"_links":{"self":[{"href":"https:\/\/www.intecol.edu.co\/web\/wp-json\/wp\/v2\/pages\/1390","targetHints":{"allow":["GET"]}}],"collection":[{"href":"https:\/\/www.intecol.edu.co\/web\/wp-json\/wp\/v2\/pages"}],"about":[{"href":"https:\/\/www.intecol.edu.co\/web\/wp-json\/wp\/v2\/types\/page"}],"author":[{"embeddable":true,"href":"https:\/\/www.intecol.edu.co\/web\/wp-json\/wp\/v2\/users\/3"}],"replies":[{"embeddable":true,"href":"https:\/\/www.intecol.edu.co\/web\/wp-json\/wp\/v2\/comments?post=1390"}],"version-history":[{"count":19,"href":"https:\/\/www.intecol.edu.co\/web\/wp-json\/wp\/v2\/pages\/1390\/revisions"}],"predecessor-version":[{"id":1452,"href":"https:\/\/www.intecol.edu.co\/web\/wp-json\/wp\/v2\/pages\/1390\/revisions\/1452"}],"wp:attachment":[{"href":"https:\/\/www.intecol.edu.co\/web\/wp-json\/wp\/v2\/media?parent=1390"}],"curies":[{"name":"wp","href":"https:\/\/api.w.org\/{rel}","templated":true}]}}