{"id":707,"date":"2025-04-23T20:01:23","date_gmt":"2025-04-23T20:01:23","guid":{"rendered":"https:\/\/novuxstudio.com\/intecol\/?page_id=707"},"modified":"2026-03-18T15:48:45","modified_gmt":"2026-03-18T15:48:45","slug":"academico","status":"publish","type":"page","link":"https:\/\/www.intecol.edu.co\/web\/academico\/","title":{"rendered":"Acad\u00e9mico"},"content":{"rendered":"\t\t<div data-elementor-type=\"wp-page\" data-elementor-id=\"707\" class=\"elementor elementor-707\" data-elementor-post-type=\"page\">\n\t\t\t\t<div class=\"elementor-element elementor-element-2f477f0 e-flex e-con-boxed e-con e-parent\" data-id=\"2f477f0\" data-element_type=\"container\" data-e-type=\"container\" data-settings=\"{&quot;background_background&quot;:&quot;classic&quot;,&quot;ekit_has_onepagescroll_dot&quot;:&quot;yes&quot;}\">\n\t\t\t\t\t<div class=\"e-con-inner\">\n\t\t\t\t<div class=\"elementor-element elementor-element-0f5509d elementor-widget__width-initial elementor-widget elementor-widget-heading\" data-id=\"0f5509d\" data-element_type=\"widget\" data-e-type=\"widget\" data-settings=\"{&quot;ekit_we_effect_on&quot;:&quot;none&quot;}\" data-widget_type=\"heading.default\">\n\t\t\t\t<div class=\"elementor-widget-container\">\n\t\t\t\t\t<h2 class=\"elementor-heading-title elementor-size-default\">Acad\u00e9mico<\/h2>\t\t\t\t<\/div>\n\t\t\t\t<\/div>\n\t\t\t\t\t<\/div>\n\t\t\t\t<\/div>\n\t\t<div class=\"elementor-element elementor-element-6b45797 e-flex e-con-boxed e-con e-parent\" data-id=\"6b45797\" data-element_type=\"container\" data-e-type=\"container\" data-settings=\"{&quot;ekit_has_onepagescroll_dot&quot;:&quot;yes&quot;}\">\n\t\t\t\t\t<div class=\"e-con-inner\">\n\t\t\t\t<div class=\"elementor-element elementor-element-7b2de61 elementor-widget__width-initial elementor-widget elementor-widget-heading\" data-id=\"7b2de61\" data-element_type=\"widget\" data-e-type=\"widget\" data-settings=\"{&quot;ekit_we_effect_on&quot;:&quot;none&quot;}\" data-widget_type=\"heading.default\">\n\t\t\t\t<div class=\"elementor-widget-container\">\n\t\t\t\t\t<h2 class=\"elementor-heading-title elementor-size-default\">Portal de Ingreso Acad\u00e9mico<\/h2>\t\t\t\t<\/div>\n\t\t\t\t<\/div>\n\t\t\t\t<div class=\"elementor-element elementor-element-206a066 elementor-widget elementor-widget-text-editor\" data-id=\"206a066\" data-element_type=\"widget\" data-e-type=\"widget\" data-settings=\"{&quot;ekit_we_effect_on&quot;:&quot;none&quot;}\" data-widget_type=\"text-editor.default\">\n\t\t\t\t<div class=\"elementor-widget-container\">\n\t\t\t\t\t\t\t\t\t<p>Bienvenido al portal de ingreso de nuestra instituci\u00f3n. Accede f\u00e1cilmente a la plataforma seg\u00fan tu perfil:<\/p><p>Para descargar los formatos dir\u00edgete a tu portafolio de aprendizaje<\/p>\t\t\t\t\t\t\t\t<\/div>\n\t\t\t\t<\/div>\n\t\t\t\t\t<\/div>\n\t\t\t\t<\/div>\n\t\t<div class=\"elementor-element elementor-element-2e2f1c5 e-flex e-con-boxed e-con e-parent\" data-id=\"2e2f1c5\" data-element_type=\"container\" data-e-type=\"container\" data-settings=\"{&quot;ekit_has_onepagescroll_dot&quot;:&quot;yes&quot;}\">\n\t\t\t\t\t<div class=\"e-con-inner\">\n\t\t<div class=\"elementor-element elementor-element-a8c6dca e-con-full e-flex e-con e-child\" data-id=\"a8c6dca\" data-element_type=\"container\" data-e-type=\"container\" data-settings=\"{&quot;ekit_has_onepagescroll_dot&quot;:&quot;yes&quot;}\">\n\t\t\t\t<div class=\"elementor-element elementor-element-52fbeb2 elementor-position-left elementor-vertical-align-middle elementor-widget elementor-widget-image-box\" data-id=\"52fbeb2\" data-element_type=\"widget\" data-e-type=\"widget\" data-settings=\"{&quot;ekit_we_effect_on&quot;:&quot;none&quot;}\" data-widget_type=\"image-box.default\">\n\t\t\t\t<div class=\"elementor-widget-container\">\n\t\t\t\t\t<div class=\"elementor-image-box-wrapper\"><figure class=\"elementor-image-box-img\"><img decoding=\"async\" width=\"109\" height=\"109\" src=\"https:\/\/www.intecol.edu.co\/web\/wp-content\/uploads\/2025\/05\/Group-3943contratista.jpg\" class=\"attachment-full size-full wp-image-730\" alt=\"\" \/><\/figure><div class=\"elementor-image-box-content\"><h3 class=\"elementor-image-box-title\">Zona de Facilitador,instructor y contratista<\/h3><p class=\"elementor-image-box-description\">Gestiona tus recursos, documentaci\u00f3n y herramientas acad\u00e9micas.<\/p><\/div><\/div>\t\t\t\t<\/div>\n\t\t\t\t<\/div>\n\t\t\t\t<div class=\"elementor-element elementor-element-d0e497e elementor-align-justify elementor-widget elementor-widget-button\" data-id=\"d0e497e\" data-element_type=\"widget\" data-e-type=\"widget\" data-settings=\"{&quot;ekit_we_effect_on&quot;:&quot;none&quot;}\" data-widget_type=\"button.default\">\n\t\t\t\t<div class=\"elementor-widget-container\">\n\t\t\t\t\t\t\t\t\t<div class=\"elementor-button-wrapper\">\n\t\t\t\t\t<a class=\"elementor-button elementor-button-link elementor-size-sm\" href=\"http:\/\/sicad.intecol.edu.co\/RegistroAcademico\/\" target=\"_blank\">\n\t\t\t\t\t\t<span class=\"elementor-button-content-wrapper\">\n\t\t\t\t\t\t\t\t\t<span class=\"elementor-button-text\">Registro de notas<\/span>\n\t\t\t\t\t<\/span>\n\t\t\t\t\t<\/a>\n\t\t\t\t<\/div>\n\t\t\t\t\t\t\t\t<\/div>\n\t\t\t\t<\/div>\n\t\t\t\t<div class=\"elementor-element elementor-element-37c02b1 elementor-align-justify elementor-widget elementor-widget-button\" data-id=\"37c02b1\" data-element_type=\"widget\" data-e-type=\"widget\" data-settings=\"{&quot;ekit_we_effect_on&quot;:&quot;none&quot;}\" data-widget_type=\"button.default\">\n\t\t\t\t<div class=\"elementor-widget-container\">\n\t\t\t\t\t\t\t\t\t<div class=\"elementor-button-wrapper\">\n\t\t\t\t\t<a class=\"elementor-button elementor-button-link elementor-size-sm\" href=\"https:\/\/server-moodle.intecol.edu.co\/campus\/login\/index.php\" target=\"_blank\">\n\t\t\t\t\t\t<span class=\"elementor-button-content-wrapper\">\n\t\t\t\t\t\t\t\t\t<span class=\"elementor-button-text\">Plataforma Virtual Moodle (Presencial)<\/span>\n\t\t\t\t\t<\/span>\n\t\t\t\t\t<\/a>\n\t\t\t\t<\/div>\n\t\t\t\t\t\t\t\t<\/div>\n\t\t\t\t<\/div>\n\t\t\t\t<div class=\"elementor-element elementor-element-1b9b53f elementor-align-justify elementor-widget elementor-widget-button\" data-id=\"1b9b53f\" data-element_type=\"widget\" data-e-type=\"widget\" data-settings=\"{&quot;ekit_we_effect_on&quot;:&quot;none&quot;}\" data-widget_type=\"button.default\">\n\t\t\t\t<div class=\"elementor-widget-container\">\n\t\t\t\t\t\t\t\t\t<div class=\"elementor-button-wrapper\">\n\t\t\t\t\t<a class=\"elementor-button elementor-button-link elementor-size-sm\" href=\"https:\/\/eduvirtual.intecol.edu.co\/moodle\/login\/index.php\" target=\"_blank\">\n\t\t\t\t\t\t<span class=\"elementor-button-content-wrapper\">\n\t\t\t\t\t\t\t\t\t<span class=\"elementor-button-text\">Plataforma Virtual Moodle (Virtual)<\/span>\n\t\t\t\t\t<\/span>\n\t\t\t\t\t<\/a>\n\t\t\t\t<\/div>\n\t\t\t\t\t\t\t\t<\/div>\n\t\t\t\t<\/div>\n\t\t\t\t<div class=\"elementor-element elementor-element-428d99d elementor-align-justify elementor-widget elementor-widget-button\" data-id=\"428d99d\" data-element_type=\"widget\" data-e-type=\"widget\" data-settings=\"{&quot;ekit_we_effect_on&quot;:&quot;none&quot;}\" data-widget_type=\"button.default\">\n\t\t\t\t<div class=\"elementor-widget-container\">\n\t\t\t\t\t\t\t\t\t<div class=\"elementor-button-wrapper\">\n\t\t\t\t\t<a class=\"elementor-button elementor-button-link elementor-size-sm\" href=\"#elementor-action%3Aaction%3Dpopup%3Aopen%26settings%3DeyJpZCI6IjgwOSIsInRvZ2dsZSI6ZmFsc2V9\">\n\t\t\t\t\t\t<span class=\"elementor-button-content-wrapper\">\n\t\t\t\t\t\t\t\t\t<span class=\"elementor-button-text\">Equipos audiovisuales y\/o simuladores<\/span>\n\t\t\t\t\t<\/span>\n\t\t\t\t\t<\/a>\n\t\t\t\t<\/div>\n\t\t\t\t\t\t\t\t<\/div>\n\t\t\t\t<\/div>\n\t\t\t\t<div class=\"elementor-element elementor-element-ade972e elementor-align-justify elementor-widget elementor-widget-button\" data-id=\"ade972e\" data-element_type=\"widget\" data-e-type=\"widget\" data-settings=\"{&quot;ekit_we_effect_on&quot;:&quot;none&quot;}\" data-widget_type=\"button.default\">\n\t\t\t\t<div class=\"elementor-widget-container\">\n\t\t\t\t\t\t\t\t\t<div class=\"elementor-button-wrapper\">\n\t\t\t\t\t<a class=\"elementor-button elementor-button-link elementor-size-sm\" href=\"#elementor-action%3Aaction%3Dpopup%3Aopen%26settings%3DeyJpZCI6Ijg1MCIsInRvZ2dsZSI6ZmFsc2V9\">\n\t\t\t\t\t\t<span class=\"elementor-button-content-wrapper\">\n\t\t\t\t\t\t\t\t\t<span class=\"elementor-button-text\">Laboratorios y\/o salas de informatica<\/span>\n\t\t\t\t\t<\/span>\n\t\t\t\t\t<\/a>\n\t\t\t\t<\/div>\n\t\t\t\t\t\t\t\t<\/div>\n\t\t\t\t<\/div>\n\t\t\t\t<\/div>\n\t\t<div class=\"elementor-element elementor-element-1f318ad e-con-full e-flex e-con e-child\" data-id=\"1f318ad\" data-element_type=\"container\" data-e-type=\"container\" data-settings=\"{&quot;ekit_has_onepagescroll_dot&quot;:&quot;yes&quot;}\">\n\t\t\t\t<div class=\"elementor-element elementor-element-fbd5629 elementor-position-left elementor-vertical-align-middle elementor-widget elementor-widget-image-box\" data-id=\"fbd5629\" data-element_type=\"widget\" data-e-type=\"widget\" data-settings=\"{&quot;ekit_we_effect_on&quot;:&quot;none&quot;}\" data-widget_type=\"image-box.default\">\n\t\t\t\t<div class=\"elementor-widget-container\">\n\t\t\t\t\t<div class=\"elementor-image-box-wrapper\"><figure class=\"elementor-image-box-img\"><img decoding=\"async\" width=\"102\" height=\"102\" src=\"https:\/\/www.intecol.edu.co\/web\/wp-content\/uploads\/2025\/05\/Group-3944studiante-1.jpg\" class=\"attachment-full size-full wp-image-736\" alt=\"\" \/><\/figure><div class=\"elementor-image-box-content\"><h3 class=\"elementor-image-box-title\">Zona de <br>Estudiantes<\/h3><p class=\"elementor-image-box-description\">Consulta tu informaci\u00f3n acad\u00e9mica, materiales de estudio y m\u00e1s.<\/p><\/div><\/div>\t\t\t\t<\/div>\n\t\t\t\t<\/div>\n\t\t\t\t<div class=\"elementor-element elementor-element-aac36e9 elementor-align-justify elementor-widget elementor-widget-button\" data-id=\"aac36e9\" data-element_type=\"widget\" data-e-type=\"widget\" data-settings=\"{&quot;ekit_we_effect_on&quot;:&quot;none&quot;}\" data-widget_type=\"button.default\">\n\t\t\t\t<div class=\"elementor-widget-container\">\n\t\t\t\t\t\t\t\t\t<div class=\"elementor-button-wrapper\">\n\t\t\t\t\t<a class=\"elementor-button elementor-button-link elementor-size-sm\" href=\"https:\/\/www.intecol.edu.co\/web\/academico\/programacion-academica\/\">\n\t\t\t\t\t\t<span class=\"elementor-button-content-wrapper\">\n\t\t\t\t\t\t\t\t\t<span class=\"elementor-button-text\">Programaci\u00f3n Acad\u00e9mica<\/span>\n\t\t\t\t\t<\/span>\n\t\t\t\t\t<\/a>\n\t\t\t\t<\/div>\n\t\t\t\t\t\t\t\t<\/div>\n\t\t\t\t<\/div>\n\t\t\t\t<div class=\"elementor-element elementor-element-cbe8653 elementor-align-justify elementor-widget elementor-widget-button\" data-id=\"cbe8653\" data-element_type=\"widget\" data-e-type=\"widget\" data-settings=\"{&quot;ekit_we_effect_on&quot;:&quot;none&quot;}\" data-widget_type=\"button.default\">\n\t\t\t\t<div class=\"elementor-widget-container\">\n\t\t\t\t\t\t\t\t\t<div class=\"elementor-button-wrapper\">\n\t\t\t\t\t<a class=\"elementor-button elementor-button-link elementor-size-sm\" href=\"https:\/\/www.intecol.edu.co\/web\/contacto\/\">\n\t\t\t\t\t\t<span class=\"elementor-button-content-wrapper\">\n\t\t\t\t\t\t\t\t\t<span class=\"elementor-button-text\">Inscripciones<\/span>\n\t\t\t\t\t<\/span>\n\t\t\t\t\t<\/a>\n\t\t\t\t<\/div>\n\t\t\t\t\t\t\t\t<\/div>\n\t\t\t\t<\/div>\n\t\t\t\t<div class=\"elementor-element elementor-element-ecf6811 elementor-align-justify elementor-widget elementor-widget-button\" data-id=\"ecf6811\" data-element_type=\"widget\" data-e-type=\"widget\" data-settings=\"{&quot;ekit_we_effect_on&quot;:&quot;none&quot;}\" data-widget_type=\"button.default\">\n\t\t\t\t<div class=\"elementor-widget-container\">\n\t\t\t\t\t\t\t\t\t<div class=\"elementor-button-wrapper\">\n\t\t\t\t\t<a class=\"elementor-button elementor-button-link elementor-size-sm\" href=\"https:\/\/sicad.intecol.edu.co:444\/ConsultaEstudiantes\/\" target=\"_blank\">\n\t\t\t\t\t\t<span class=\"elementor-button-content-wrapper\">\n\t\t\t\t\t\t\t\t\t<span class=\"elementor-button-text\">SICAD Estudiantes<\/span>\n\t\t\t\t\t<\/span>\n\t\t\t\t\t<\/a>\n\t\t\t\t<\/div>\n\t\t\t\t\t\t\t\t<\/div>\n\t\t\t\t<\/div>\n\t\t\t\t<div class=\"elementor-element elementor-element-7a30fab elementor-align-justify elementor-widget elementor-widget-button\" data-id=\"7a30fab\" data-element_type=\"widget\" data-e-type=\"widget\" data-settings=\"{&quot;ekit_we_effect_on&quot;:&quot;none&quot;}\" data-widget_type=\"button.default\">\n\t\t\t\t<div class=\"elementor-widget-container\">\n\t\t\t\t\t\t\t\t\t<div class=\"elementor-button-wrapper\">\n\t\t\t\t\t<a class=\"elementor-button elementor-button-link elementor-size-sm\" href=\"https:\/\/www.intecol.edu.co\/web\/biblioteca\/\">\n\t\t\t\t\t\t<span class=\"elementor-button-content-wrapper\">\n\t\t\t\t\t\t\t\t\t<span class=\"elementor-button-text\">Biblioteca Virtual<\/span>\n\t\t\t\t\t<\/span>\n\t\t\t\t\t<\/a>\n\t\t\t\t<\/div>\n\t\t\t\t\t\t\t\t<\/div>\n\t\t\t\t<\/div>\n\t\t\t\t<div class=\"elementor-element elementor-element-f17f87e elementor-align-justify elementor-widget elementor-widget-button\" data-id=\"f17f87e\" data-element_type=\"widget\" data-e-type=\"widget\" data-settings=\"{&quot;ekit_we_effect_on&quot;:&quot;none&quot;}\" data-widget_type=\"button.default\">\n\t\t\t\t<div class=\"elementor-widget-container\">\n\t\t\t\t\t\t\t\t\t<div class=\"elementor-button-wrapper\">\n\t\t\t\t\t<a class=\"elementor-button elementor-button-link elementor-size-sm\" href=\"https:\/\/eduvirtual.intecol.edu.co\/moodle\/login\/index.php\" target=\"_blank\">\n\t\t\t\t\t\t<span class=\"elementor-button-content-wrapper\">\n\t\t\t\t\t\t\t\t\t<span class=\"elementor-button-text\">Plataforma Virtual Moodle (Presencial)<\/span>\n\t\t\t\t\t<\/span>\n\t\t\t\t\t<\/a>\n\t\t\t\t<\/div>\n\t\t\t\t\t\t\t\t<\/div>\n\t\t\t\t<\/div>\n\t\t\t\t<div class=\"elementor-element elementor-element-985d882 elementor-align-justify elementor-widget elementor-widget-button\" data-id=\"985d882\" data-element_type=\"widget\" data-e-type=\"widget\" data-settings=\"{&quot;ekit_we_effect_on&quot;:&quot;none&quot;}\" data-widget_type=\"button.default\">\n\t\t\t\t<div class=\"elementor-widget-container\">\n\t\t\t\t\t\t\t\t\t<div class=\"elementor-button-wrapper\">\n\t\t\t\t\t<a class=\"elementor-button elementor-button-link elementor-size-sm\" href=\"https:\/\/educontinua.intecol.edu.co\/diplomados\/login\/index.php\" target=\"_blank\">\n\t\t\t\t\t\t<span class=\"elementor-button-content-wrapper\">\n\t\t\t\t\t\t\t\t\t<span class=\"elementor-button-text\">Plataforma Virtual Moodle 2026<\/span>\n\t\t\t\t\t<\/span>\n\t\t\t\t\t<\/a>\n\t\t\t\t<\/div>\n\t\t\t\t\t\t\t\t<\/div>\n\t\t\t\t<\/div>\n\t\t\t\t<div class=\"elementor-element elementor-element-0006ea3 elementor-align-justify elementor-widget elementor-widget-button\" data-id=\"0006ea3\" data-element_type=\"widget\" data-e-type=\"widget\" data-settings=\"{&quot;ekit_we_effect_on&quot;:&quot;none&quot;}\" data-widget_type=\"button.default\">\n\t\t\t\t<div class=\"elementor-widget-container\">\n\t\t\t\t\t\t\t\t\t<div class=\"elementor-button-wrapper\">\n\t\t\t\t\t<a class=\"elementor-button elementor-button-link elementor-size-sm\" href=\"https:\/\/www.intecol.edu.co\/web\/academico\/solicitud-tramites-academicos\/\">\n\t\t\t\t\t\t<span class=\"elementor-button-content-wrapper\">\n\t\t\t\t\t\t\t\t\t<span class=\"elementor-button-text\">Solicitud Tr\u00e1mites Acad\u00e9micos<\/span>\n\t\t\t\t\t<\/span>\n\t\t\t\t\t<\/a>\n\t\t\t\t<\/div>\n\t\t\t\t\t\t\t\t<\/div>\n\t\t\t\t<\/div>\n\t\t\t\t<\/div>\n\t\t\t\t\t<\/div>\n\t\t\t\t<\/div>\n\t\t\t\t<\/div>\n\t\t","protected":false},"excerpt":{"rendered":"<p>Acad\u00e9mico Portal de Ingreso Acad\u00e9mico Bienvenido al portal de ingreso de nuestra instituci\u00f3n. Accede f\u00e1cilmente a la plataforma seg\u00fan tu perfil: Para descargar los formatos dir\u00edgete a tu portafolio de aprendizaje Zona de Facilitador,instructor y contratista Gestiona tus recursos, documentaci\u00f3n y herramientas acad\u00e9micas. Registro de notas Plataforma Virtual Moodle (Presencial) Plataforma Virtual Moodle (Virtual) Equipos [&hellip;]<\/p>\n","protected":false},"author":1,"featured_media":0,"parent":0,"menu_order":0,"comment_status":"closed","ping_status":"closed","template":"","meta":{"_joinchat":[],"footnotes":""},"class_list":["post-707","page","type-page","status-publish","hentry"],"yoast_head":"<!-- This site is optimized with the Yoast SEO plugin v27.0 - https:\/\/yoast.com\/product\/yoast-seo-wordpress\/ -->\n<title>Acad\u00e9mico - Intecol<\/title>\n<meta name=\"description\" content=\"Accede a toda la informaci\u00f3n de tu proceso acad\u00e9mico como estudiante de programas t\u00e9cnicos laborales. Consulta tus notas, horarios, asistencia, pr\u00e1cticas formativas, plan de estudios y estados de avance. Nuestro portal acad\u00e9mico te permite gestionar tu formaci\u00f3n de manera f\u00e1cil, r\u00e1pida y organizada, acompa\u00f1\u00e1ndote en cada etapa de tu proceso educativo.\" \/>\n<meta name=\"robots\" content=\"index, follow, max-snippet:-1, max-image-preview:large, max-video-preview:-1\" \/>\n<link rel=\"canonical\" href=\"https:\/\/www.intecol.edu.co\/web\/academico\/\" \/>\n<meta property=\"og:locale\" content=\"es_ES\" \/>\n<meta property=\"og:type\" content=\"article\" \/>\n<meta property=\"og:title\" content=\"\u00c1REA ACAD\u00c9MICA INTECOL\" \/>\n<meta property=\"og:description\" content=\"Accede a toda la informaci\u00f3n de tu proceso acad\u00e9mico como estudiante de programas t\u00e9cnicos laborales. Consulta tus notas, horarios, asistencia, pr\u00e1cticas formativas, plan de estudios y estados de avance. Nuestro portal acad\u00e9mico te permite gestionar tu formaci\u00f3n de manera f\u00e1cil, r\u00e1pida y organizada, acompa\u00f1\u00e1ndote en cada etapa de tu proceso educativo.\" \/>\n<meta property=\"og:url\" content=\"https:\/\/www.intecol.edu.co\/web\/academico\/\" \/>\n<meta property=\"og:site_name\" content=\"Intecol\" \/>\n<meta property=\"article:modified_time\" content=\"2026-03-18T15:48:45+00:00\" \/>\n<meta property=\"og:image\" content=\"https:\/\/www.intecol.edu.co\/web\/wp-content\/uploads\/2025\/11\/FOLLETO-1.jpg\" \/>\n\t<meta property=\"og:image:width\" content=\"1080\" \/>\n\t<meta property=\"og:image:height\" content=\"1350\" \/>\n\t<meta property=\"og:image:type\" content=\"image\/jpeg\" \/>\n<meta name=\"twitter:card\" content=\"summary_large_image\" \/>\n<meta name=\"twitter:title\" content=\"\u00c1REA ACAD\u00c9MICA INTECOL\" \/>\n<meta name=\"twitter:description\" content=\"Accede a toda la informaci\u00f3n de tu proceso acad\u00e9mico como estudiante de programas t\u00e9cnicos laborales. Consulta tus notas, horarios, asistencia, pr\u00e1cticas formativas, plan de estudios y estados de avance. Nuestro portal acad\u00e9mico te permite gestionar tu formaci\u00f3n de manera f\u00e1cil, r\u00e1pida y organizada, acompa\u00f1\u00e1ndote en cada etapa de tu proceso educativo.\" \/>\n<meta name=\"twitter:image\" content=\"https:\/\/www.intecol.edu.co\/web\/wp-content\/uploads\/2025\/11\/FOLLETO-1.jpg\" \/>\n<meta name=\"twitter:label1\" content=\"Tiempo de lectura\" \/>\n\t<meta name=\"twitter:data1\" content=\"1 minuto\" \/>\n<script type=\"application\/ld+json\" class=\"yoast-schema-graph\">{\"@context\":\"https:\/\/schema.org\",\"@graph\":[{\"@type\":\"WebPage\",\"@id\":\"https:\/\/www.intecol.edu.co\/web\/academico\/\",\"url\":\"https:\/\/www.intecol.edu.co\/web\/academico\/\",\"name\":\"Acad\u00e9mico - Intecol\",\"isPartOf\":{\"@id\":\"https:\/\/www.intecol.edu.co\/web\/#website\"},\"primaryImageOfPage\":{\"@id\":\"https:\/\/www.intecol.edu.co\/web\/academico\/#primaryimage\"},\"image\":{\"@id\":\"https:\/\/www.intecol.edu.co\/web\/academico\/#primaryimage\"},\"thumbnailUrl\":\"https:\/\/www.intecol.edu.co\/web\/wp-content\/uploads\/2025\/05\/Group-3943contratista.jpg\",\"datePublished\":\"2025-04-23T20:01:23+00:00\",\"dateModified\":\"2026-03-18T15:48:45+00:00\",\"description\":\"Accede a toda la informaci\u00f3n de tu proceso acad\u00e9mico como estudiante de programas t\u00e9cnicos laborales. Consulta tus notas, horarios, asistencia, pr\u00e1cticas formativas, plan de estudios y estados de avance. Nuestro portal acad\u00e9mico te permite gestionar tu formaci\u00f3n de manera f\u00e1cil, r\u00e1pida y organizada, acompa\u00f1\u00e1ndote en cada etapa de tu proceso educativo.\",\"breadcrumb\":{\"@id\":\"https:\/\/www.intecol.edu.co\/web\/academico\/#breadcrumb\"},\"inLanguage\":\"es\",\"potentialAction\":[{\"@type\":\"ReadAction\",\"target\":[\"https:\/\/www.intecol.edu.co\/web\/academico\/\"]}]},{\"@type\":\"ImageObject\",\"inLanguage\":\"es\",\"@id\":\"https:\/\/www.intecol.edu.co\/web\/academico\/#primaryimage\",\"url\":\"https:\/\/www.intecol.edu.co\/web\/wp-content\/uploads\/2025\/05\/Group-3943contratista.jpg\",\"contentUrl\":\"https:\/\/www.intecol.edu.co\/web\/wp-content\/uploads\/2025\/05\/Group-3943contratista.jpg\",\"width\":109,\"height\":109},{\"@type\":\"BreadcrumbList\",\"@id\":\"https:\/\/www.intecol.edu.co\/web\/academico\/#breadcrumb\",\"itemListElement\":[{\"@type\":\"ListItem\",\"position\":1,\"name\":\"Inicio\",\"item\":\"https:\/\/www.intecol.edu.co\/web\/\"},{\"@type\":\"ListItem\",\"position\":2,\"name\":\"Acad\u00e9mico\"}]},{\"@type\":\"WebSite\",\"@id\":\"https:\/\/www.intecol.edu.co\/web\/#website\",\"url\":\"https:\/\/www.intecol.edu.co\/web\/\",\"name\":\"Intecol\",\"description\":\"Tu futuro, nuestro prop\u00f3sito\",\"potentialAction\":[{\"@type\":\"SearchAction\",\"target\":{\"@type\":\"EntryPoint\",\"urlTemplate\":\"https:\/\/www.intecol.edu.co\/web\/?s={search_term_string}\"},\"query-input\":{\"@type\":\"PropertyValueSpecification\",\"valueRequired\":true,\"valueName\":\"search_term_string\"}}],\"inLanguage\":\"es\"}]}<\/script>\n<!-- \/ Yoast SEO plugin. -->","yoast_head_json":{"title":"Acad\u00e9mico - Intecol","description":"Accede a toda la informaci\u00f3n de tu proceso acad\u00e9mico como estudiante de programas t\u00e9cnicos laborales. Consulta tus notas, horarios, asistencia, pr\u00e1cticas formativas, plan de estudios y estados de avance. Nuestro portal acad\u00e9mico te permite gestionar tu formaci\u00f3n de manera f\u00e1cil, r\u00e1pida y organizada, acompa\u00f1\u00e1ndote en cada etapa de tu proceso educativo.","robots":{"index":"index","follow":"follow","max-snippet":"max-snippet:-1","max-image-preview":"max-image-preview:large","max-video-preview":"max-video-preview:-1"},"canonical":"https:\/\/www.intecol.edu.co\/web\/academico\/","og_locale":"es_ES","og_type":"article","og_title":"\u00c1REA ACAD\u00c9MICA INTECOL","og_description":"Accede a toda la informaci\u00f3n de tu proceso acad\u00e9mico como estudiante de programas t\u00e9cnicos laborales. Consulta tus notas, horarios, asistencia, pr\u00e1cticas formativas, plan de estudios y estados de avance. Nuestro portal acad\u00e9mico te permite gestionar tu formaci\u00f3n de manera f\u00e1cil, r\u00e1pida y organizada, acompa\u00f1\u00e1ndote en cada etapa de tu proceso educativo.","og_url":"https:\/\/www.intecol.edu.co\/web\/academico\/","og_site_name":"Intecol","article_modified_time":"2026-03-18T15:48:45+00:00","og_image":[{"width":1080,"height":1350,"url":"https:\/\/www.intecol.edu.co\/web\/wp-content\/uploads\/2025\/11\/FOLLETO-1.jpg","type":"image\/jpeg"}],"twitter_card":"summary_large_image","twitter_title":"\u00c1REA ACAD\u00c9MICA INTECOL","twitter_description":"Accede a toda la informaci\u00f3n de tu proceso acad\u00e9mico como estudiante de programas t\u00e9cnicos laborales. Consulta tus notas, horarios, asistencia, pr\u00e1cticas formativas, plan de estudios y estados de avance. Nuestro portal acad\u00e9mico te permite gestionar tu formaci\u00f3n de manera f\u00e1cil, r\u00e1pida y organizada, acompa\u00f1\u00e1ndote en cada etapa de tu proceso educativo.","twitter_image":"https:\/\/www.intecol.edu.co\/web\/wp-content\/uploads\/2025\/11\/FOLLETO-1.jpg","twitter_misc":{"Tiempo de lectura":"1 minuto"},"schema":{"@context":"https:\/\/schema.org","@graph":[{"@type":"WebPage","@id":"https:\/\/www.intecol.edu.co\/web\/academico\/","url":"https:\/\/www.intecol.edu.co\/web\/academico\/","name":"Acad\u00e9mico - Intecol","isPartOf":{"@id":"https:\/\/www.intecol.edu.co\/web\/#website"},"primaryImageOfPage":{"@id":"https:\/\/www.intecol.edu.co\/web\/academico\/#primaryimage"},"image":{"@id":"https:\/\/www.intecol.edu.co\/web\/academico\/#primaryimage"},"thumbnailUrl":"https:\/\/www.intecol.edu.co\/web\/wp-content\/uploads\/2025\/05\/Group-3943contratista.jpg","datePublished":"2025-04-23T20:01:23+00:00","dateModified":"2026-03-18T15:48:45+00:00","description":"Accede a toda la informaci\u00f3n de tu proceso acad\u00e9mico como estudiante de programas t\u00e9cnicos laborales. Consulta tus notas, horarios, asistencia, pr\u00e1cticas formativas, plan de estudios y estados de avance. Nuestro portal acad\u00e9mico te permite gestionar tu formaci\u00f3n de manera f\u00e1cil, r\u00e1pida y organizada, acompa\u00f1\u00e1ndote en cada etapa de tu proceso educativo.","breadcrumb":{"@id":"https:\/\/www.intecol.edu.co\/web\/academico\/#breadcrumb"},"inLanguage":"es","potentialAction":[{"@type":"ReadAction","target":["https:\/\/www.intecol.edu.co\/web\/academico\/"]}]},{"@type":"ImageObject","inLanguage":"es","@id":"https:\/\/www.intecol.edu.co\/web\/academico\/#primaryimage","url":"https:\/\/www.intecol.edu.co\/web\/wp-content\/uploads\/2025\/05\/Group-3943contratista.jpg","contentUrl":"https:\/\/www.intecol.edu.co\/web\/wp-content\/uploads\/2025\/05\/Group-3943contratista.jpg","width":109,"height":109},{"@type":"BreadcrumbList","@id":"https:\/\/www.intecol.edu.co\/web\/academico\/#breadcrumb","itemListElement":[{"@type":"ListItem","position":1,"name":"Inicio","item":"https:\/\/www.intecol.edu.co\/web\/"},{"@type":"ListItem","position":2,"name":"Acad\u00e9mico"}]},{"@type":"WebSite","@id":"https:\/\/www.intecol.edu.co\/web\/#website","url":"https:\/\/www.intecol.edu.co\/web\/","name":"Intecol","description":"Tu futuro, nuestro prop\u00f3sito","potentialAction":[{"@type":"SearchAction","target":{"@type":"EntryPoint","urlTemplate":"https:\/\/www.intecol.edu.co\/web\/?s={search_term_string}"},"query-input":{"@type":"PropertyValueSpecification","valueRequired":true,"valueName":"search_term_string"}}],"inLanguage":"es"}]}},"_links":{"self":[{"href":"https:\/\/www.intecol.edu.co\/web\/wp-json\/wp\/v2\/pages\/707","targetHints":{"allow":["GET"]}}],"collection":[{"href":"https:\/\/www.intecol.edu.co\/web\/wp-json\/wp\/v2\/pages"}],"about":[{"href":"https:\/\/www.intecol.edu.co\/web\/wp-json\/wp\/v2\/types\/page"}],"author":[{"embeddable":true,"href":"https:\/\/www.intecol.edu.co\/web\/wp-json\/wp\/v2\/users\/1"}],"replies":[{"embeddable":true,"href":"https:\/\/www.intecol.edu.co\/web\/wp-json\/wp\/v2\/comments?post=707"}],"version-history":[{"count":65,"href":"https:\/\/www.intecol.edu.co\/web\/wp-json\/wp\/v2\/pages\/707\/revisions"}],"predecessor-version":[{"id":5257,"href":"https:\/\/www.intecol.edu.co\/web\/wp-json\/wp\/v2\/pages\/707\/revisions\/5257"}],"wp:attachment":[{"href":"https:\/\/www.intecol.edu.co\/web\/wp-json\/wp\/v2\/media?parent=707"}],"curies":[{"name":"wp","href":"https:\/\/api.w.org\/{rel}","templated":true}]}}