{"id":864,"date":"2025-05-14T16:45:14","date_gmt":"2025-05-14T16:45:14","guid":{"rendered":"https:\/\/novuxstudio.com\/intecol\/?page_id=864"},"modified":"2025-10-27T16:36:56","modified_gmt":"2025-10-27T16:36:56","slug":"quienes-somos","status":"publish","type":"page","link":"https:\/\/www.intecol.edu.co\/web\/quienes-somos\/","title":{"rendered":"Quienes somos"},"content":{"rendered":"\t\t<div data-elementor-type=\"wp-page\" data-elementor-id=\"864\" class=\"elementor elementor-864\" data-elementor-post-type=\"page\">\n\t\t\t\t<div class=\"elementor-element elementor-element-5c8c308 e-flex e-con-boxed e-con e-parent\" data-id=\"5c8c308\" data-element_type=\"container\" data-e-type=\"container\" data-settings=\"{&quot;background_background&quot;:&quot;classic&quot;,&quot;ekit_has_onepagescroll_dot&quot;:&quot;yes&quot;}\">\n\t\t\t\t\t<div class=\"e-con-inner\">\n\t\t\t\t<div class=\"elementor-element elementor-element-6f3f3ab elementor-widget__width-initial elementor-widget elementor-widget-heading\" data-id=\"6f3f3ab\" data-element_type=\"widget\" data-e-type=\"widget\" data-settings=\"{&quot;ekit_we_effect_on&quot;:&quot;none&quot;}\" data-widget_type=\"heading.default\">\n\t\t\t\t<div class=\"elementor-widget-container\">\n\t\t\t\t\t<h2 class=\"elementor-heading-title elementor-size-default\">Qui\u00e9nes Somos<\/h2>\t\t\t\t<\/div>\n\t\t\t\t<\/div>\n\t\t\t\t\t<\/div>\n\t\t\t\t<\/div>\n\t\t<div class=\"elementor-element elementor-element-9f514ac e-flex e-con-boxed e-con e-parent\" data-id=\"9f514ac\" data-element_type=\"container\" data-e-type=\"container\" data-settings=\"{&quot;ekit_has_onepagescroll_dot&quot;:&quot;yes&quot;}\">\n\t\t\t\t\t<div class=\"e-con-inner\">\n\t\t<div class=\"elementor-element elementor-element-8ddbf5e e-con-full e-flex elementor-invisible e-con e-child\" data-id=\"8ddbf5e\" data-element_type=\"container\" data-e-type=\"container\" data-settings=\"{&quot;animation&quot;:&quot;fadeInLeft&quot;,&quot;ekit_has_onepagescroll_dot&quot;:&quot;yes&quot;}\">\n\t\t\t\t<div class=\"elementor-element elementor-element-ae0b277 elementor-widget elementor-widget-heading\" data-id=\"ae0b277\" data-element_type=\"widget\" data-e-type=\"widget\" data-settings=\"{&quot;ekit_we_effect_on&quot;:&quot;none&quot;}\" data-widget_type=\"heading.default\">\n\t\t\t\t<div class=\"elementor-widget-container\">\n\t\t\t\t\t<h2 class=\"elementor-heading-title elementor-size-default\">M\u00e1s de 20 A\u00f1os Formando Talento con Calidad y Compromiso\n\n<\/h2>\t\t\t\t<\/div>\n\t\t\t\t<\/div>\n\t\t\t\t<div class=\"elementor-element elementor-element-3d0e4c3 elementor-widget elementor-widget-text-editor\" data-id=\"3d0e4c3\" data-element_type=\"widget\" data-e-type=\"widget\" data-settings=\"{&quot;ekit_we_effect_on&quot;:&quot;none&quot;}\" data-widget_type=\"text-editor.default\">\n\t\t\t\t<div class=\"elementor-widget-container\">\n\t\t\t\t\t\t\t\t\t<p>Somos una instituci\u00f3n educativa comprometida con la formaci\u00f3n de personas capaces, \u00e9ticas y preparadas para enfrentar los retos del mundo laboral actual. Nos especializamos en programas de formaci\u00f3n para el trabajo y el desarrollo humano, brindando una educaci\u00f3n de calidad que impulsa el crecimiento profesional y personal de nuestros estudiantes.<\/p><p>Creemos en el poder transformador de la educaci\u00f3n y trabajamos d\u00eda a d\u00eda para ser un puente entre el talento humano y las oportunidades del mercado laboral, aportando al progreso individual y colectivo.<\/p>\t\t\t\t\t\t\t\t<\/div>\n\t\t\t\t<\/div>\n\t\t\t\t<div class=\"elementor-element elementor-element-cfc3c2d elementor-widget elementor-widget-button\" data-id=\"cfc3c2d\" data-element_type=\"widget\" data-e-type=\"widget\" data-settings=\"{&quot;ekit_we_effect_on&quot;:&quot;none&quot;}\" data-widget_type=\"button.default\">\n\t\t\t\t<div class=\"elementor-widget-container\">\n\t\t\t\t\t\t\t\t\t<div class=\"elementor-button-wrapper\">\n\t\t\t\t\t<a class=\"elementor-button elementor-button-link elementor-size-sm\" href=\"https:\/\/www.intecol.edu.co\/web\/contacto\/\">\n\t\t\t\t\t\t<span class=\"elementor-button-content-wrapper\">\n\t\t\t\t\t\t\t\t\t<span class=\"elementor-button-text\">Conoce nuestras sedes<\/span>\n\t\t\t\t\t<\/span>\n\t\t\t\t\t<\/a>\n\t\t\t\t<\/div>\n\t\t\t\t\t\t\t\t<\/div>\n\t\t\t\t<\/div>\n\t\t\t\t<\/div>\n\t\t<div class=\"elementor-element elementor-element-2b7efad e-con-full e-flex elementor-invisible e-con e-child\" data-id=\"2b7efad\" data-element_type=\"container\" data-e-type=\"container\" data-settings=\"{&quot;animation&quot;:&quot;fadeInRight&quot;,&quot;ekit_has_onepagescroll_dot&quot;:&quot;yes&quot;}\">\n\t\t\t\t<div class=\"elementor-element elementor-element-b30abbf elementor-widget elementor-widget-image\" data-id=\"b30abbf\" data-element_type=\"widget\" data-e-type=\"widget\" data-settings=\"{&quot;ekit_we_effect_on&quot;:&quot;none&quot;}\" data-widget_type=\"image.default\">\n\t\t\t\t<div class=\"elementor-widget-container\">\n\t\t\t\t\t\t\t\t\t\t\t\t\t\t\t<img fetchpriority=\"high\" decoding=\"async\" width=\"800\" height=\"640\" src=\"https:\/\/www.intecol.edu.co\/web\/wp-content\/uploads\/2025\/06\/Copia-de-biblioteca-1024x819.png\" class=\"attachment-large size-large wp-image-1761\" alt=\"\" srcset=\"https:\/\/www.intecol.edu.co\/web\/wp-content\/uploads\/2025\/06\/Copia-de-biblioteca-1024x819.png 1024w, https:\/\/www.intecol.edu.co\/web\/wp-content\/uploads\/2025\/06\/Copia-de-biblioteca-300x240.png 300w, https:\/\/www.intecol.edu.co\/web\/wp-content\/uploads\/2025\/06\/Copia-de-biblioteca-768x614.png 768w, https:\/\/www.intecol.edu.co\/web\/wp-content\/uploads\/2025\/06\/Copia-de-biblioteca.png 1350w\" sizes=\"(max-width: 800px) 100vw, 800px\" \/>\t\t\t\t\t\t\t\t\t\t\t\t\t\t\t<\/div>\n\t\t\t\t<\/div>\n\t\t\t\t<\/div>\n\t\t\t\t\t<\/div>\n\t\t\t\t<\/div>\n\t\t<div class=\"elementor-element elementor-element-bb661d9 e-flex e-con-boxed e-con e-parent\" data-id=\"bb661d9\" data-element_type=\"container\" data-e-type=\"container\" data-settings=\"{&quot;ekit_has_onepagescroll_dot&quot;:&quot;yes&quot;}\">\n\t\t\t\t\t<div class=\"e-con-inner\">\n\t\t<div class=\"elementor-element elementor-element-96c2d65 e-con-full e-flex e-con e-child\" data-id=\"96c2d65\" data-element_type=\"container\" data-e-type=\"container\" data-settings=\"{&quot;ekit_has_onepagescroll_dot&quot;:&quot;yes&quot;}\">\n\t\t\t\t<div class=\"elementor-element elementor-element-6f9823e elementor-view-default elementor-widget elementor-widget-icon\" data-id=\"6f9823e\" data-element_type=\"widget\" data-e-type=\"widget\" data-settings=\"{&quot;ekit_we_effect_on&quot;:&quot;none&quot;}\" data-widget_type=\"icon.default\">\n\t\t\t\t<div class=\"elementor-widget-container\">\n\t\t\t\t\t\t\t<div class=\"elementor-icon-wrapper\">\n\t\t\t<div class=\"elementor-icon\">\n\t\t\t<svg xmlns=\"http:\/\/www.w3.org\/2000\/svg\" id=\"Layer_2\" height=\"512\" viewBox=\"0 0 100 100\" width=\"512\" data-name=\"Layer 2\"><path id=\"Mision\" d=\"m57.43 28.54v-14.36a1.76 1.76 0 0 1 3.51 0v3.4a.89.89 0 0 0 1.17.86l8-3.51a.85.85 0 0 0 0-1.6l-11.58-5c-2.12-.85-.74-4 1.38-3.19l17 7.45a1.72 1.72 0 0 1 0 3.19l-15.51 6.7a.7.7 0 0 0 -.42.74v5.64a.77.77 0 0 0 .21.63l10.41 11.6c.11.21.21.31.32.53l23 50.83a1.74 1.74 0 0 1 -1.69 2.55h-86.48a1.7 1.7 0 1 1 0-3.4h3.3a1.08 1.08 0 0 0 .63-.22l14.67-13.82a.85.85 0 0 0 .21-.53l3-17.44a1.48 1.48 0 0 1 .53-1.06l9.35-8.19a1.76 1.76 0 0 1 2.77.32l12.79 22.34a1.63 1.63 0 0 1 -.64 2.34 1.66 1.66 0 0 1 -2.33-.64l-11.34-19.58a.87.87 0 0 0 -1.28-.21l-6.41 5.64a2 2 0 0 0 -.32.53l-2.83 17.44a1.65 1.65 0 0 1 -.53 1c-3.61 3.62-7.54 7.13-11.26 10.64a.87.87 0 0 0 .64 1.49h40.58a.85.85 0 0 0 .72-1.33l-3.8-8.08a1.76 1.76 0 0 1 .32-2l11.9-12.24a.69.69 0 0 0 .21-.74l-8.92-30.96a.88.88 0 0 0 -1.6-.21l-9.45 16.37a1.74 1.74 0 0 1 -3-1.8l12.66-21.66c.11-.1.11-.21.11-.42zm6.57 63.06h25.2a.94.94 0 0 0 .85-1.28l-21.15-47-.21-.21-3.93-4.47a.89.89 0 0 0 -1.49.85l8.08 28.18a1.65 1.65 0 0 1 -.43 1.7l-11.68 12a.83.83 0 0 0 -.22 1l4.15 8.72a1.1 1.1 0 0 0 .85.53z\"><\/path><\/svg>\t\t\t<\/div>\n\t\t<\/div>\n\t\t\t\t\t\t<\/div>\n\t\t\t\t<\/div>\n\t\t\t\t<div class=\"elementor-element elementor-element-3ab74a5 elementor-widget elementor-widget-heading\" data-id=\"3ab74a5\" data-element_type=\"widget\" data-e-type=\"widget\" data-settings=\"{&quot;ekit_we_effect_on&quot;:&quot;none&quot;}\" data-widget_type=\"heading.default\">\n\t\t\t\t<div class=\"elementor-widget-container\">\n\t\t\t\t\t<h2 class=\"elementor-heading-title elementor-size-default\">Nuestra misi\u00f3n\n<\/h2>\t\t\t\t<\/div>\n\t\t\t\t<\/div>\n\t\t\t\t<div class=\"elementor-element elementor-element-31dc6ab elementor-widget elementor-widget-text-editor\" data-id=\"31dc6ab\" data-element_type=\"widget\" data-e-type=\"widget\" data-settings=\"{&quot;ekit_we_effect_on&quot;:&quot;none&quot;}\" data-widget_type=\"text-editor.default\">\n\t\t\t\t<div class=\"elementor-widget-container\">\n\t\t\t\t\t\t\t\t\t<p>Brindar formaci\u00f3n integral y de calidad, enfocada en el desarrollo de competencias para el trabajo y el crecimiento humano, promoviendo valores, responsabilidad social y ambiental, con un equipo humano \u00e9tico y comprometido.<\/p>\t\t\t\t\t\t\t\t<\/div>\n\t\t\t\t<\/div>\n\t\t\t\t<\/div>\n\t\t<div class=\"elementor-element elementor-element-f56d4da e-con-full e-flex e-con e-child\" data-id=\"f56d4da\" data-element_type=\"container\" data-e-type=\"container\" data-settings=\"{&quot;ekit_has_onepagescroll_dot&quot;:&quot;yes&quot;}\">\n\t\t\t\t<div class=\"elementor-element elementor-element-2a23c5e elementor-view-default elementor-widget elementor-widget-icon\" data-id=\"2a23c5e\" data-element_type=\"widget\" data-e-type=\"widget\" data-settings=\"{&quot;ekit_we_effect_on&quot;:&quot;none&quot;}\" data-widget_type=\"icon.default\">\n\t\t\t\t<div class=\"elementor-widget-container\">\n\t\t\t\t\t\t\t<div class=\"elementor-icon-wrapper\">\n\t\t\t<div class=\"elementor-icon\">\n\t\t\t<svg xmlns=\"http:\/\/www.w3.org\/2000\/svg\" id=\"Layer_2\" data-name=\"Layer 2\" viewBox=\"0 0 100 100\" width=\"512\" height=\"512\"><path id=\"Target\" d=\"M74.23,52.5A24.44,24.44,0,0,1,52.55,74.29a.84.84,0,0,0-.85.85V93.33a1.7,1.7,0,0,1-3.4,0v-6.6a.92.92,0,0,0-.85-.85,35.84,35.84,0,0,1-32-27.53,1.7,1.7,0,1,1,3.29-.85A32.32,32.32,0,0,0,47.34,82.37c.22.11.43,0,.64-.21a.64.64,0,0,0,.32-.64V75.14a.84.84,0,0,0-.85-.85,24.74,24.74,0,0,1-14.66-7,24.48,24.48,0,0,1-7-14.78.89.89,0,0,0-.85-.75H6.75a1.75,1.75,0,0,1,0-3.5h6.91a.9.9,0,0,0,.85-.75A36.23,36.23,0,0,1,41.07,14.75a1.76,1.76,0,0,1,.85,3.41A32.44,32.44,0,0,0,18,47.29a.82.82,0,0,0,.85,1h6.05a.89.89,0,0,0,.85-.75A24.44,24.44,0,0,1,47.45,25.71a.84.84,0,0,0,.85-.85V6.67a1.7,1.7,0,0,1,3.4,0V27.3a1.73,1.73,0,0,1-1.81,1.81c-18.49,0-27.73,22.64-14.66,35.72S70.61,68.55,70.93,50a1.68,1.68,0,0,1,1.7-1.7H93.25a1.75,1.75,0,0,1,0,3.5h-6.8a.82.82,0,0,0-.85.75A36.14,36.14,0,0,1,58.29,85c-2.23.53-3-2.87-.75-3.4A32.5,32.5,0,0,0,82.09,52.71a.82.82,0,0,0-.85-1H75.08a.89.89,0,0,0-.85.75ZM88,24.22,75.71,36.44a1.68,1.68,0,0,1-1.16.54H66.36a1.43,1.43,0,0,0-.63.21L51.17,51.86a1.73,1.73,0,0,1-2.45-2.44L63.28,34.74a.58.58,0,0,0,.32-.53V26a1.75,1.75,0,0,1,.53-1.27L76.35,12.52a1.73,1.73,0,0,1,3,1.17v6.7a.91.91,0,0,0,.85.85h6.59a1.75,1.75,0,0,1,1.27,3Zm-14,9,7.12-7.12a.86.86,0,0,0-.53-1.49h-3a1.77,1.77,0,0,1-1.81-1.7V20a.88.88,0,0,0-1.49-.63l-7,7.12a.94.94,0,0,0-.32.64v5.53a.84.84,0,0,0,.85.85h5.63c.22,0,.43,0,.53-.22Zm-9.56,16.8A14.45,14.45,0,1,1,50,35.59,1.71,1.71,0,0,1,50,39a11,11,0,0,0,0,22c6.38,0,10.63-4.78,10.94-11a1.76,1.76,0,1,1,3.51.1Z\"><\/path><\/svg>\t\t\t<\/div>\n\t\t<\/div>\n\t\t\t\t\t\t<\/div>\n\t\t\t\t<\/div>\n\t\t\t\t<div class=\"elementor-element elementor-element-08df1fa elementor-widget elementor-widget-heading\" data-id=\"08df1fa\" data-element_type=\"widget\" data-e-type=\"widget\" data-settings=\"{&quot;ekit_we_effect_on&quot;:&quot;none&quot;}\" data-widget_type=\"heading.default\">\n\t\t\t\t<div class=\"elementor-widget-container\">\n\t\t\t\t\t<h2 class=\"elementor-heading-title elementor-size-default\">Nuestra visi\u00f3n\n<\/h2>\t\t\t\t<\/div>\n\t\t\t\t<\/div>\n\t\t\t\t<div class=\"elementor-element elementor-element-96d93f6 elementor-widget elementor-widget-text-editor\" data-id=\"96d93f6\" data-element_type=\"widget\" data-e-type=\"widget\" data-settings=\"{&quot;ekit_we_effect_on&quot;:&quot;none&quot;}\" data-widget_type=\"text-editor.default\">\n\t\t\t\t<div class=\"elementor-widget-container\">\n\t\t\t\t\t\t\t\t\t<p>Ser reconocidos nacional e internacionalmente para 2030 como l\u00edderes en programas de formaci\u00f3n laboral y desarrollo humano, adapt\u00e1ndonos a los cambios del entorno con calidad, innovaci\u00f3n y solidez institucional.<\/p>\t\t\t\t\t\t\t\t<\/div>\n\t\t\t\t<\/div>\n\t\t\t\t<\/div>\n\t\t\t\t\t<\/div>\n\t\t\t\t<\/div>\n\t\t<div class=\"elementor-element elementor-element-ca96015 e-flex e-con-boxed e-con e-parent\" data-id=\"ca96015\" data-element_type=\"container\" data-e-type=\"container\" data-settings=\"{&quot;ekit_has_onepagescroll_dot&quot;:&quot;yes&quot;}\">\n\t\t\t\t\t<div class=\"e-con-inner\">\n\t\t<div class=\"elementor-element elementor-element-ca1d3da e-con-full e-flex e-con e-child\" data-id=\"ca1d3da\" data-element_type=\"container\" data-e-type=\"container\" data-settings=\"{&quot;ekit_has_onepagescroll_dot&quot;:&quot;yes&quot;}\">\n\t\t\t\t<div class=\"elementor-element elementor-element-69bade2 elementor-widget elementor-widget-button\" data-id=\"69bade2\" data-element_type=\"widget\" data-e-type=\"widget\" data-settings=\"{&quot;ekit_we_effect_on&quot;:&quot;none&quot;}\" data-widget_type=\"button.default\">\n\t\t\t\t<div class=\"elementor-widget-container\">\n\t\t\t\t\t\t\t\t\t<div class=\"elementor-button-wrapper\">\n\t\t\t\t\t<a class=\"elementor-button elementor-button-link elementor-size-sm\" href=\"https:\/\/drive.google.com\/file\/d\/1Ez38Exo09a7upGhVrg87rPUg1VAbTBth\/view?usp=sharing\">\n\t\t\t\t\t\t<span class=\"elementor-button-content-wrapper\">\n\t\t\t\t\t\t\t\t\t<span class=\"elementor-button-text\">Pol\u00edticas de Protecci\u00f3n de Datos INTECOL<\/span>\n\t\t\t\t\t<\/span>\n\t\t\t\t\t<\/a>\n\t\t\t\t<\/div>\n\t\t\t\t\t\t\t\t<\/div>\n\t\t\t\t<\/div>\n\t\t\t\t<\/div>\n\t\t\t\t\t<\/div>\n\t\t\t\t<\/div>\n\t\t\t\t<\/div>\n\t\t","protected":false},"excerpt":{"rendered":"<p>Qui\u00e9nes Somos M\u00e1s de 20 A\u00f1os Formando Talento con Calidad y Compromiso Somos una instituci\u00f3n educativa comprometida con la formaci\u00f3n de personas capaces, \u00e9ticas y preparadas para enfrentar los retos del mundo laboral actual. Nos especializamos en programas de formaci\u00f3n para el trabajo y el desarrollo humano, brindando una educaci\u00f3n de calidad que impulsa el [&hellip;]<\/p>\n","protected":false},"author":2,"featured_media":0,"parent":0,"menu_order":0,"comment_status":"closed","ping_status":"closed","template":"","meta":{"_joinchat":[],"footnotes":""},"class_list":["post-864","page","type-page","status-publish","hentry"],"yoast_head":"<!-- This site is optimized with the Yoast SEO plugin v27.0 - https:\/\/yoast.com\/product\/yoast-seo-wordpress\/ -->\n<title>Quienes somos - Intecol<\/title>\n<meta name=\"robots\" content=\"index, follow, max-snippet:-1, max-image-preview:large, max-video-preview:-1\" \/>\n<link rel=\"canonical\" href=\"https:\/\/www.intecol.edu.co\/web\/quienes-somos\/\" \/>\n<meta property=\"og:locale\" content=\"es_ES\" \/>\n<meta property=\"og:type\" content=\"article\" \/>\n<meta property=\"og:title\" content=\"Quienes somos - Intecol\" \/>\n<meta property=\"og:description\" content=\"Qui\u00e9nes Somos M\u00e1s de 20 A\u00f1os Formando Talento con Calidad y Compromiso Somos una instituci\u00f3n educativa comprometida con la formaci\u00f3n de personas capaces, \u00e9ticas y preparadas para enfrentar los retos del mundo laboral actual. Nos especializamos en programas de formaci\u00f3n para el trabajo y el desarrollo humano, brindando una educaci\u00f3n de calidad que impulsa el [&hellip;]\" \/>\n<meta property=\"og:url\" content=\"https:\/\/www.intecol.edu.co\/web\/quienes-somos\/\" \/>\n<meta property=\"og:site_name\" content=\"Intecol\" \/>\n<meta property=\"article:modified_time\" content=\"2025-10-27T16:36:56+00:00\" \/>\n<meta property=\"og:image\" content=\"https:\/\/www.intecol.edu.co\/web\/wp-content\/uploads\/2025\/06\/Copia-de-biblioteca-1024x819.png\" \/>\n<meta name=\"twitter:card\" content=\"summary_large_image\" \/>\n<meta name=\"twitter:label1\" content=\"Tiempo de lectura\" \/>\n\t<meta name=\"twitter:data1\" content=\"1 minuto\" \/>\n<script type=\"application\/ld+json\" class=\"yoast-schema-graph\">{\"@context\":\"https:\/\/schema.org\",\"@graph\":[{\"@type\":\"WebPage\",\"@id\":\"https:\/\/www.intecol.edu.co\/web\/quienes-somos\/\",\"url\":\"https:\/\/www.intecol.edu.co\/web\/quienes-somos\/\",\"name\":\"Quienes somos - Intecol\",\"isPartOf\":{\"@id\":\"https:\/\/www.intecol.edu.co\/web\/#website\"},\"primaryImageOfPage\":{\"@id\":\"https:\/\/www.intecol.edu.co\/web\/quienes-somos\/#primaryimage\"},\"image\":{\"@id\":\"https:\/\/www.intecol.edu.co\/web\/quienes-somos\/#primaryimage\"},\"thumbnailUrl\":\"https:\/\/www.intecol.edu.co\/web\/wp-content\/uploads\/2025\/06\/Copia-de-biblioteca-1024x819.png\",\"datePublished\":\"2025-05-14T16:45:14+00:00\",\"dateModified\":\"2025-10-27T16:36:56+00:00\",\"breadcrumb\":{\"@id\":\"https:\/\/www.intecol.edu.co\/web\/quienes-somos\/#breadcrumb\"},\"inLanguage\":\"es\",\"potentialAction\":[{\"@type\":\"ReadAction\",\"target\":[\"https:\/\/www.intecol.edu.co\/web\/quienes-somos\/\"]}]},{\"@type\":\"ImageObject\",\"inLanguage\":\"es\",\"@id\":\"https:\/\/www.intecol.edu.co\/web\/quienes-somos\/#primaryimage\",\"url\":\"https:\/\/www.intecol.edu.co\/web\/wp-content\/uploads\/2025\/06\/Copia-de-biblioteca.png\",\"contentUrl\":\"https:\/\/www.intecol.edu.co\/web\/wp-content\/uploads\/2025\/06\/Copia-de-biblioteca.png\",\"width\":1350,\"height\":1080},{\"@type\":\"BreadcrumbList\",\"@id\":\"https:\/\/www.intecol.edu.co\/web\/quienes-somos\/#breadcrumb\",\"itemListElement\":[{\"@type\":\"ListItem\",\"position\":1,\"name\":\"Inicio\",\"item\":\"https:\/\/www.intecol.edu.co\/web\/\"},{\"@type\":\"ListItem\",\"position\":2,\"name\":\"Quienes somos\"}]},{\"@type\":\"WebSite\",\"@id\":\"https:\/\/www.intecol.edu.co\/web\/#website\",\"url\":\"https:\/\/www.intecol.edu.co\/web\/\",\"name\":\"Intecol\",\"description\":\"Tu futuro, nuestro prop\u00f3sito\",\"potentialAction\":[{\"@type\":\"SearchAction\",\"target\":{\"@type\":\"EntryPoint\",\"urlTemplate\":\"https:\/\/www.intecol.edu.co\/web\/?s={search_term_string}\"},\"query-input\":{\"@type\":\"PropertyValueSpecification\",\"valueRequired\":true,\"valueName\":\"search_term_string\"}}],\"inLanguage\":\"es\"}]}<\/script>\n<!-- \/ Yoast SEO plugin. -->","yoast_head_json":{"title":"Quienes somos - Intecol","robots":{"index":"index","follow":"follow","max-snippet":"max-snippet:-1","max-image-preview":"max-image-preview:large","max-video-preview":"max-video-preview:-1"},"canonical":"https:\/\/www.intecol.edu.co\/web\/quienes-somos\/","og_locale":"es_ES","og_type":"article","og_title":"Quienes somos - Intecol","og_description":"Qui\u00e9nes Somos M\u00e1s de 20 A\u00f1os Formando Talento con Calidad y Compromiso Somos una instituci\u00f3n educativa comprometida con la formaci\u00f3n de personas capaces, \u00e9ticas y preparadas para enfrentar los retos del mundo laboral actual. Nos especializamos en programas de formaci\u00f3n para el trabajo y el desarrollo humano, brindando una educaci\u00f3n de calidad que impulsa el [&hellip;]","og_url":"https:\/\/www.intecol.edu.co\/web\/quienes-somos\/","og_site_name":"Intecol","article_modified_time":"2025-10-27T16:36:56+00:00","og_image":[{"url":"https:\/\/www.intecol.edu.co\/web\/wp-content\/uploads\/2025\/06\/Copia-de-biblioteca-1024x819.png","type":"","width":"","height":""}],"twitter_card":"summary_large_image","twitter_misc":{"Tiempo de lectura":"1 minuto"},"schema":{"@context":"https:\/\/schema.org","@graph":[{"@type":"WebPage","@id":"https:\/\/www.intecol.edu.co\/web\/quienes-somos\/","url":"https:\/\/www.intecol.edu.co\/web\/quienes-somos\/","name":"Quienes somos - Intecol","isPartOf":{"@id":"https:\/\/www.intecol.edu.co\/web\/#website"},"primaryImageOfPage":{"@id":"https:\/\/www.intecol.edu.co\/web\/quienes-somos\/#primaryimage"},"image":{"@id":"https:\/\/www.intecol.edu.co\/web\/quienes-somos\/#primaryimage"},"thumbnailUrl":"https:\/\/www.intecol.edu.co\/web\/wp-content\/uploads\/2025\/06\/Copia-de-biblioteca-1024x819.png","datePublished":"2025-05-14T16:45:14+00:00","dateModified":"2025-10-27T16:36:56+00:00","breadcrumb":{"@id":"https:\/\/www.intecol.edu.co\/web\/quienes-somos\/#breadcrumb"},"inLanguage":"es","potentialAction":[{"@type":"ReadAction","target":["https:\/\/www.intecol.edu.co\/web\/quienes-somos\/"]}]},{"@type":"ImageObject","inLanguage":"es","@id":"https:\/\/www.intecol.edu.co\/web\/quienes-somos\/#primaryimage","url":"https:\/\/www.intecol.edu.co\/web\/wp-content\/uploads\/2025\/06\/Copia-de-biblioteca.png","contentUrl":"https:\/\/www.intecol.edu.co\/web\/wp-content\/uploads\/2025\/06\/Copia-de-biblioteca.png","width":1350,"height":1080},{"@type":"BreadcrumbList","@id":"https:\/\/www.intecol.edu.co\/web\/quienes-somos\/#breadcrumb","itemListElement":[{"@type":"ListItem","position":1,"name":"Inicio","item":"https:\/\/www.intecol.edu.co\/web\/"},{"@type":"ListItem","position":2,"name":"Quienes somos"}]},{"@type":"WebSite","@id":"https:\/\/www.intecol.edu.co\/web\/#website","url":"https:\/\/www.intecol.edu.co\/web\/","name":"Intecol","description":"Tu futuro, nuestro prop\u00f3sito","potentialAction":[{"@type":"SearchAction","target":{"@type":"EntryPoint","urlTemplate":"https:\/\/www.intecol.edu.co\/web\/?s={search_term_string}"},"query-input":{"@type":"PropertyValueSpecification","valueRequired":true,"valueName":"search_term_string"}}],"inLanguage":"es"}]}},"_links":{"self":[{"href":"https:\/\/www.intecol.edu.co\/web\/wp-json\/wp\/v2\/pages\/864","targetHints":{"allow":["GET"]}}],"collection":[{"href":"https:\/\/www.intecol.edu.co\/web\/wp-json\/wp\/v2\/pages"}],"about":[{"href":"https:\/\/www.intecol.edu.co\/web\/wp-json\/wp\/v2\/types\/page"}],"author":[{"embeddable":true,"href":"https:\/\/www.intecol.edu.co\/web\/wp-json\/wp\/v2\/users\/2"}],"replies":[{"embeddable":true,"href":"https:\/\/www.intecol.edu.co\/web\/wp-json\/wp\/v2\/comments?post=864"}],"version-history":[{"count":25,"href":"https:\/\/www.intecol.edu.co\/web\/wp-json\/wp\/v2\/pages\/864\/revisions"}],"predecessor-version":[{"id":4223,"href":"https:\/\/www.intecol.edu.co\/web\/wp-json\/wp\/v2\/pages\/864\/revisions\/4223"}],"wp:attachment":[{"href":"https:\/\/www.intecol.edu.co\/web\/wp-json\/wp\/v2\/media?parent=864"}],"curies":[{"name":"wp","href":"https:\/\/api.w.org\/{rel}","templated":true}]}}