{"id":895,"date":"2025-05-14T18:15:38","date_gmt":"2025-05-14T18:15:38","guid":{"rendered":"https:\/\/novuxstudio.com\/intecol\/?page_id=895"},"modified":"2025-11-19T14:37:31","modified_gmt":"2025-11-19T14:37:31","slug":"solicitud-tramites-academicos","status":"publish","type":"page","link":"https:\/\/www.intecol.edu.co\/web\/academico\/solicitud-tramites-academicos\/","title":{"rendered":"Solicitud Tr\u00e1mites Acad\u00e9micos"},"content":{"rendered":"\t\t<div data-elementor-type=\"wp-page\" data-elementor-id=\"895\" class=\"elementor elementor-895\" data-elementor-post-type=\"page\">\n\t\t\t\t<div class=\"elementor-element elementor-element-2f477f0 e-flex e-con-boxed e-con e-parent\" data-id=\"2f477f0\" data-element_type=\"container\" data-e-type=\"container\" data-settings=\"{&quot;background_background&quot;:&quot;classic&quot;,&quot;ekit_has_onepagescroll_dot&quot;:&quot;yes&quot;}\">\n\t\t\t\t\t<div class=\"e-con-inner\">\n\t\t\t\t<div class=\"elementor-element elementor-element-0f5509d elementor-widget__width-initial elementor-widget elementor-widget-heading\" data-id=\"0f5509d\" data-element_type=\"widget\" data-e-type=\"widget\" data-settings=\"{&quot;ekit_we_effect_on&quot;:&quot;none&quot;}\" data-widget_type=\"heading.default\">\n\t\t\t\t<div class=\"elementor-widget-container\">\n\t\t\t\t\t<h2 class=\"elementor-heading-title elementor-size-default\">Solicitud Tr\u00e1mites Acad\u00e9micos<\/h2>\t\t\t\t<\/div>\n\t\t\t\t<\/div>\n\t\t\t\t\t<\/div>\n\t\t\t\t<\/div>\n\t\t<div class=\"elementor-element elementor-element-6b45797 e-flex e-con-boxed e-con e-parent\" data-id=\"6b45797\" data-element_type=\"container\" data-e-type=\"container\" data-settings=\"{&quot;ekit_has_onepagescroll_dot&quot;:&quot;yes&quot;}\">\n\t\t\t\t\t<div class=\"e-con-inner\">\n\t\t\t\t<div class=\"elementor-element elementor-element-206a066 elementor-widget elementor-widget-text-editor\" data-id=\"206a066\" data-element_type=\"widget\" data-e-type=\"widget\" data-settings=\"{&quot;ekit_we_effect_on&quot;:&quot;none&quot;}\" data-widget_type=\"text-editor.default\">\n\t\t\t\t<div class=\"elementor-widget-container\">\n\t\t\t\t\t\t\t\t\t<p><strong>Apreciado estudiante todas las consultas por favor enviarlas a <a href=\"mailto:academico@intecol.edu.co\">academico@intecol.edu.co<\/a> y <a href=\"mailto:apoyoacademico@intecol.edu.co\">apoyoacademico@intecol.edu.co<\/a><\/strong><\/p>\t\t\t\t\t\t\t\t<\/div>\n\t\t\t\t<\/div>\n\t\t\t\t<div class=\"elementor-element elementor-element-eb5ec6d elementor-widget elementor-widget-text-editor\" data-id=\"eb5ec6d\" data-element_type=\"widget\" data-e-type=\"widget\" data-settings=\"{&quot;ekit_we_effect_on&quot;:&quot;none&quot;}\" data-widget_type=\"text-editor.default\">\n\t\t\t\t<div class=\"elementor-widget-container\">\n\t\t\t\t\t\t\t\t\t<p><strong>Para descargar cualquiera de los siguientes formatos por favor remitirse al portafolio de aprendizaje.<\/strong><\/p>\t\t\t\t\t\t\t\t<\/div>\n\t\t\t\t<\/div>\n\t\t\t\t\t<\/div>\n\t\t\t\t<\/div>\n\t\t<div class=\"elementor-element elementor-element-8793ee6 e-flex e-con-boxed e-con e-parent\" data-id=\"8793ee6\" data-element_type=\"container\" data-e-type=\"container\" data-settings=\"{&quot;ekit_has_onepagescroll_dot&quot;:&quot;yes&quot;}\">\n\t\t\t\t\t<div class=\"e-con-inner\">\n\t\t<div class=\"elementor-element elementor-element-45b86aa e-con-full e-flex e-con e-child\" data-id=\"45b86aa\" data-element_type=\"container\" data-e-type=\"container\" data-settings=\"{&quot;ekit_has_onepagescroll_dot&quot;:&quot;yes&quot;}\">\n\t\t\t\t<div class=\"elementor-element elementor-element-6003a6e elementor-view-default elementor-position-block-start elementor-mobile-position-block-start elementor-widget elementor-widget-icon-box\" data-id=\"6003a6e\" data-element_type=\"widget\" data-e-type=\"widget\" data-settings=\"{&quot;ekit_we_effect_on&quot;:&quot;none&quot;}\" data-widget_type=\"icon-box.default\">\n\t\t\t\t<div class=\"elementor-widget-container\">\n\t\t\t\t\t\t\t<div class=\"elementor-icon-box-wrapper\">\n\n\t\t\t\t\t\t<div class=\"elementor-icon-box-icon\">\n\t\t\t\t<span  class=\"elementor-icon elementor-animation-float\">\n\t\t\t\t<svg aria-hidden=\"true\" class=\"e-font-icon-svg e-far-file-pdf\" viewBox=\"0 0 384 512\" xmlns=\"http:\/\/www.w3.org\/2000\/svg\"><path d=\"M369.9 97.9L286 14C277 5 264.8-.1 252.1-.1H48C21.5 0 0 21.5 0 48v416c0 26.5 21.5 48 48 48h288c26.5 0 48-21.5 48-48V131.9c0-12.7-5.1-25-14.1-34zM332.1 128H256V51.9l76.1 76.1zM48 464V48h160v104c0 13.3 10.7 24 24 24h104v288H48zm250.2-143.7c-12.2-12-47-8.7-64.4-6.5-17.2-10.5-28.7-25-36.8-46.3 3.9-16.1 10.1-40.6 5.4-56-4.2-26.2-37.8-23.6-42.6-5.9-4.4 16.1-.4 38.5 7 67.1-10 23.9-24.9 56-35.4 74.4-20 10.3-47 26.2-51 46.2-3.3 15.8 26 55.2 76.1-31.2 22.4-7.4 46.8-16.5 68.4-20.1 18.9 10.2 41 17 55.8 17 25.5 0 28-28.2 17.5-38.7zm-198.1 77.8c5.1-13.7 24.5-29.5 30.4-35-19 30.3-30.4 35.7-30.4 35zm81.6-190.6c7.4 0 6.7 32.1 1.8 40.8-4.4-13.9-4.3-40.8-1.8-40.8zm-24.4 136.6c9.7-16.9 18-37 24.7-54.7 8.3 15.1 18.9 27.2 30.1 35.5-20.8 4.3-38.9 13.1-54.8 19.2zm131.6-5s-5 6-37.3-7.8c35.1-2.6 40.9 5.4 37.3 7.8z\"><\/path><\/svg>\t\t\t\t<\/span>\n\t\t\t<\/div>\n\t\t\t\n\t\t\t\t\t\t<div class=\"elementor-icon-box-content\">\n\n\t\t\t\t\t\t\t\t\t<h3 class=\"elementor-icon-box-title\">\n\t\t\t\t\t\t<span  >\n\t\t\t\t\t\t\t Cambio de Programa\t\t\t\t\t\t<\/span>\n\t\t\t\t\t<\/h3>\n\t\t\t\t\n\t\t\t\t\n\t\t\t<\/div>\n\t\t\t\n\t\t<\/div>\n\t\t\t\t\t\t<\/div>\n\t\t\t\t<\/div>\n\t\t\t\t<\/div>\n\t\t<div class=\"elementor-element elementor-element-c68845f e-con-full e-flex e-con e-child\" data-id=\"c68845f\" data-element_type=\"container\" data-e-type=\"container\" data-settings=\"{&quot;ekit_has_onepagescroll_dot&quot;:&quot;yes&quot;}\">\n\t\t\t\t<div class=\"elementor-element elementor-element-0338ffd elementor-view-default elementor-position-block-start elementor-mobile-position-block-start elementor-widget elementor-widget-icon-box\" data-id=\"0338ffd\" data-element_type=\"widget\" data-e-type=\"widget\" data-settings=\"{&quot;ekit_we_effect_on&quot;:&quot;none&quot;}\" data-widget_type=\"icon-box.default\">\n\t\t\t\t<div class=\"elementor-widget-container\">\n\t\t\t\t\t\t\t<div class=\"elementor-icon-box-wrapper\">\n\n\t\t\t\t\t\t<div class=\"elementor-icon-box-icon\">\n\t\t\t\t<span  class=\"elementor-icon elementor-animation-float\">\n\t\t\t\t<svg aria-hidden=\"true\" class=\"e-font-icon-svg e-far-file-pdf\" viewBox=\"0 0 384 512\" xmlns=\"http:\/\/www.w3.org\/2000\/svg\"><path d=\"M369.9 97.9L286 14C277 5 264.8-.1 252.1-.1H48C21.5 0 0 21.5 0 48v416c0 26.5 21.5 48 48 48h288c26.5 0 48-21.5 48-48V131.9c0-12.7-5.1-25-14.1-34zM332.1 128H256V51.9l76.1 76.1zM48 464V48h160v104c0 13.3 10.7 24 24 24h104v288H48zm250.2-143.7c-12.2-12-47-8.7-64.4-6.5-17.2-10.5-28.7-25-36.8-46.3 3.9-16.1 10.1-40.6 5.4-56-4.2-26.2-37.8-23.6-42.6-5.9-4.4 16.1-.4 38.5 7 67.1-10 23.9-24.9 56-35.4 74.4-20 10.3-47 26.2-51 46.2-3.3 15.8 26 55.2 76.1-31.2 22.4-7.4 46.8-16.5 68.4-20.1 18.9 10.2 41 17 55.8 17 25.5 0 28-28.2 17.5-38.7zm-198.1 77.8c5.1-13.7 24.5-29.5 30.4-35-19 30.3-30.4 35.7-30.4 35zm81.6-190.6c7.4 0 6.7 32.1 1.8 40.8-4.4-13.9-4.3-40.8-1.8-40.8zm-24.4 136.6c9.7-16.9 18-37 24.7-54.7 8.3 15.1 18.9 27.2 30.1 35.5-20.8 4.3-38.9 13.1-54.8 19.2zm131.6-5s-5 6-37.3-7.8c35.1-2.6 40.9 5.4 37.3 7.8z\"><\/path><\/svg>\t\t\t\t<\/span>\n\t\t\t<\/div>\n\t\t\t\n\t\t\t\t\t\t<div class=\"elementor-icon-box-content\">\n\n\t\t\t\t\t\t\t\t\t<h3 class=\"elementor-icon-box-title\">\n\t\t\t\t\t\t<span  >\n\t\t\t\t\t\t\tReintegros\t\t\t\t\t\t<\/span>\n\t\t\t\t\t<\/h3>\n\t\t\t\t\n\t\t\t\t\n\t\t\t<\/div>\n\t\t\t\n\t\t<\/div>\n\t\t\t\t\t\t<\/div>\n\t\t\t\t<\/div>\n\t\t\t\t<\/div>\n\t\t<div class=\"elementor-element elementor-element-8dca898 e-con-full e-flex e-con e-child\" data-id=\"8dca898\" data-element_type=\"container\" data-e-type=\"container\" data-settings=\"{&quot;ekit_has_onepagescroll_dot&quot;:&quot;yes&quot;}\">\n\t\t\t\t<div class=\"elementor-element elementor-element-0add4b4 elementor-view-default elementor-position-block-start elementor-mobile-position-block-start elementor-widget elementor-widget-icon-box\" data-id=\"0add4b4\" data-element_type=\"widget\" data-e-type=\"widget\" data-settings=\"{&quot;ekit_we_effect_on&quot;:&quot;none&quot;}\" data-widget_type=\"icon-box.default\">\n\t\t\t\t<div class=\"elementor-widget-container\">\n\t\t\t\t\t\t\t<div class=\"elementor-icon-box-wrapper\">\n\n\t\t\t\t\t\t<div class=\"elementor-icon-box-icon\">\n\t\t\t\t<a href=\"#\" target=\"_blank\" class=\"elementor-icon elementor-animation-float\" tabindex=\"-1\" aria-label=\"Retiro o Suspensi\u00f3n\">\n\t\t\t\t<svg aria-hidden=\"true\" class=\"e-font-icon-svg e-far-file-pdf\" viewBox=\"0 0 384 512\" xmlns=\"http:\/\/www.w3.org\/2000\/svg\"><path d=\"M369.9 97.9L286 14C277 5 264.8-.1 252.1-.1H48C21.5 0 0 21.5 0 48v416c0 26.5 21.5 48 48 48h288c26.5 0 48-21.5 48-48V131.9c0-12.7-5.1-25-14.1-34zM332.1 128H256V51.9l76.1 76.1zM48 464V48h160v104c0 13.3 10.7 24 24 24h104v288H48zm250.2-143.7c-12.2-12-47-8.7-64.4-6.5-17.2-10.5-28.7-25-36.8-46.3 3.9-16.1 10.1-40.6 5.4-56-4.2-26.2-37.8-23.6-42.6-5.9-4.4 16.1-.4 38.5 7 67.1-10 23.9-24.9 56-35.4 74.4-20 10.3-47 26.2-51 46.2-3.3 15.8 26 55.2 76.1-31.2 22.4-7.4 46.8-16.5 68.4-20.1 18.9 10.2 41 17 55.8 17 25.5 0 28-28.2 17.5-38.7zm-198.1 77.8c5.1-13.7 24.5-29.5 30.4-35-19 30.3-30.4 35.7-30.4 35zm81.6-190.6c7.4 0 6.7 32.1 1.8 40.8-4.4-13.9-4.3-40.8-1.8-40.8zm-24.4 136.6c9.7-16.9 18-37 24.7-54.7 8.3 15.1 18.9 27.2 30.1 35.5-20.8 4.3-38.9 13.1-54.8 19.2zm131.6-5s-5 6-37.3-7.8c35.1-2.6 40.9 5.4 37.3 7.8z\"><\/path><\/svg>\t\t\t\t<\/a>\n\t\t\t<\/div>\n\t\t\t\n\t\t\t\t\t\t<div class=\"elementor-icon-box-content\">\n\n\t\t\t\t\t\t\t\t\t<h3 class=\"elementor-icon-box-title\">\n\t\t\t\t\t\t<a href=\"#\" target=\"_blank\" >\n\t\t\t\t\t\t\tRetiro o Suspensi\u00f3n\t\t\t\t\t\t<\/a>\n\t\t\t\t\t<\/h3>\n\t\t\t\t\n\t\t\t\t\n\t\t\t<\/div>\n\t\t\t\n\t\t<\/div>\n\t\t\t\t\t\t<\/div>\n\t\t\t\t<\/div>\n\t\t\t\t<\/div>\n\t\t<div class=\"elementor-element elementor-element-38d8255 e-con-full e-flex e-con e-child\" data-id=\"38d8255\" data-element_type=\"container\" data-e-type=\"container\" data-settings=\"{&quot;ekit_has_onepagescroll_dot&quot;:&quot;yes&quot;}\">\n\t\t\t\t<div class=\"elementor-element elementor-element-96098e4 elementor-view-default elementor-position-block-start elementor-mobile-position-block-start elementor-widget elementor-widget-icon-box\" data-id=\"96098e4\" data-element_type=\"widget\" data-e-type=\"widget\" data-settings=\"{&quot;ekit_we_effect_on&quot;:&quot;none&quot;}\" data-widget_type=\"icon-box.default\">\n\t\t\t\t<div class=\"elementor-widget-container\">\n\t\t\t\t\t\t\t<div class=\"elementor-icon-box-wrapper\">\n\n\t\t\t\t\t\t<div class=\"elementor-icon-box-icon\">\n\t\t\t\t<span  class=\"elementor-icon elementor-animation-float\">\n\t\t\t\t<svg aria-hidden=\"true\" class=\"e-font-icon-svg e-far-file-pdf\" viewBox=\"0 0 384 512\" xmlns=\"http:\/\/www.w3.org\/2000\/svg\"><path d=\"M369.9 97.9L286 14C277 5 264.8-.1 252.1-.1H48C21.5 0 0 21.5 0 48v416c0 26.5 21.5 48 48 48h288c26.5 0 48-21.5 48-48V131.9c0-12.7-5.1-25-14.1-34zM332.1 128H256V51.9l76.1 76.1zM48 464V48h160v104c0 13.3 10.7 24 24 24h104v288H48zm250.2-143.7c-12.2-12-47-8.7-64.4-6.5-17.2-10.5-28.7-25-36.8-46.3 3.9-16.1 10.1-40.6 5.4-56-4.2-26.2-37.8-23.6-42.6-5.9-4.4 16.1-.4 38.5 7 67.1-10 23.9-24.9 56-35.4 74.4-20 10.3-47 26.2-51 46.2-3.3 15.8 26 55.2 76.1-31.2 22.4-7.4 46.8-16.5 68.4-20.1 18.9 10.2 41 17 55.8 17 25.5 0 28-28.2 17.5-38.7zm-198.1 77.8c5.1-13.7 24.5-29.5 30.4-35-19 30.3-30.4 35.7-30.4 35zm81.6-190.6c7.4 0 6.7 32.1 1.8 40.8-4.4-13.9-4.3-40.8-1.8-40.8zm-24.4 136.6c9.7-16.9 18-37 24.7-54.7 8.3 15.1 18.9 27.2 30.1 35.5-20.8 4.3-38.9 13.1-54.8 19.2zm131.6-5s-5 6-37.3-7.8c35.1-2.6 40.9 5.4 37.3 7.8z\"><\/path><\/svg>\t\t\t\t<\/span>\n\t\t\t<\/div>\n\t\t\t\n\t\t\t\t\t\t<div class=\"elementor-icon-box-content\">\n\n\t\t\t\t\t\t\t\t\t<h3 class=\"elementor-icon-box-title\">\n\t\t\t\t\t\t<span  >\n\t\t\t\t\t\t\tCambio de Jornada o Sede\t\t\t\t\t\t<\/span>\n\t\t\t\t\t<\/h3>\n\t\t\t\t\n\t\t\t\t\n\t\t\t<\/div>\n\t\t\t\n\t\t<\/div>\n\t\t\t\t\t\t<\/div>\n\t\t\t\t<\/div>\n\t\t\t\t<\/div>\n\t\t\t\t\t<\/div>\n\t\t\t\t<\/div>\n\t\t\t\t<\/div>\n\t\t","protected":false},"excerpt":{"rendered":"<p>Solicitud Tr\u00e1mites Acad\u00e9micos Apreciado estudiante todas las consultas por favor enviarlas a academico@intecol.edu.co y apoyoacademico@intecol.edu.co Para descargar cualquiera de los siguientes formatos por favor remitirse al portafolio de aprendizaje. Cambio de Programa Reintegros Retiro o Suspensi\u00f3n Cambio de Jornada o Sede<\/p>\n","protected":false},"author":1,"featured_media":0,"parent":707,"menu_order":0,"comment_status":"closed","ping_status":"closed","template":"","meta":{"_joinchat":[],"footnotes":""},"class_list":["post-895","page","type-page","status-publish","hentry"],"yoast_head":"<!-- This site is optimized with the Yoast SEO plugin v27.0 - https:\/\/yoast.com\/product\/yoast-seo-wordpress\/ -->\n<title>Solicitud Tr\u00e1mites Acad\u00e9micos - Intecol<\/title>\n<meta name=\"description\" content=\"Gestiona f\u00e1cilmente tus tr\u00e1mites acad\u00e9micos en Intecol, incluyendo cambio de programa, reintegros, retiro o suspensi\u00f3n, y cambio de jornada o sede. Accede a los formatos y recibe acompa\u00f1amiento acad\u00e9mico para completar cada proceso de manera r\u00e1pida y organizada.\" \/>\n<meta name=\"robots\" content=\"index, follow, max-snippet:-1, max-image-preview:large, max-video-preview:-1\" \/>\n<link rel=\"canonical\" href=\"https:\/\/www.intecol.edu.co\/web\/academico\/solicitud-tramites-academicos\/\" \/>\n<meta property=\"og:locale\" content=\"es_ES\" \/>\n<meta property=\"og:type\" content=\"article\" \/>\n<meta property=\"og:title\" content=\"Solicitud Tr\u00e1mites Acad\u00e9micos\" \/>\n<meta property=\"og:description\" content=\"Gestiona f\u00e1cilmente tus tr\u00e1mites acad\u00e9micos en Intecol, incluyendo cambio de programa, reintegros, retiro o suspensi\u00f3n, y cambio de jornada o sede. Accede a los formatos y recibe acompa\u00f1amiento acad\u00e9mico para completar cada proceso de manera r\u00e1pida y organizada.\" \/>\n<meta property=\"og:url\" content=\"https:\/\/www.intecol.edu.co\/web\/academico\/solicitud-tramites-academicos\/\" \/>\n<meta property=\"og:site_name\" content=\"Intecol\" \/>\n<meta property=\"article:modified_time\" content=\"2025-11-19T14:37:31+00:00\" \/>\n<meta property=\"og:image\" content=\"https:\/\/www.intecol.edu.co\/web\/wp-content\/uploads\/2025\/11\/FOLLETO-1.jpg\" \/>\n\t<meta property=\"og:image:width\" content=\"1080\" \/>\n\t<meta property=\"og:image:height\" content=\"1350\" \/>\n\t<meta property=\"og:image:type\" content=\"image\/jpeg\" \/>\n<meta name=\"twitter:card\" content=\"summary_large_image\" \/>\n<meta name=\"twitter:title\" content=\"Solicitud Tr\u00e1mites Acad\u00e9micos\" \/>\n<meta name=\"twitter:description\" content=\"Gestiona f\u00e1cilmente tus tr\u00e1mites acad\u00e9micos en Intecol, incluyendo cambio de programa, reintegros, retiro o suspensi\u00f3n, y cambio de jornada o sede. Accede a los formatos y recibe acompa\u00f1amiento acad\u00e9mico para completar cada proceso de manera r\u00e1pida y organizada.\" \/>\n<meta name=\"twitter:image\" content=\"https:\/\/www.intecol.edu.co\/web\/wp-content\/uploads\/2025\/11\/FOLLETO-1.jpg\" \/>\n<meta name=\"twitter:label1\" content=\"Tiempo de lectura\" \/>\n\t<meta name=\"twitter:data1\" content=\"1 minuto\" \/>\n<script type=\"application\/ld+json\" class=\"yoast-schema-graph\">{\"@context\":\"https:\/\/schema.org\",\"@graph\":[{\"@type\":\"WebPage\",\"@id\":\"https:\/\/www.intecol.edu.co\/web\/academico\/solicitud-tramites-academicos\/\",\"url\":\"https:\/\/www.intecol.edu.co\/web\/academico\/solicitud-tramites-academicos\/\",\"name\":\"Solicitud Tr\u00e1mites Acad\u00e9micos - Intecol\",\"isPartOf\":{\"@id\":\"https:\/\/www.intecol.edu.co\/web\/#website\"},\"datePublished\":\"2025-05-14T18:15:38+00:00\",\"dateModified\":\"2025-11-19T14:37:31+00:00\",\"description\":\"Gestiona f\u00e1cilmente tus tr\u00e1mites acad\u00e9micos en Intecol, incluyendo cambio de programa, reintegros, retiro o suspensi\u00f3n, y cambio de jornada o sede. Accede a los formatos y recibe acompa\u00f1amiento acad\u00e9mico para completar cada proceso de manera r\u00e1pida y organizada.\",\"breadcrumb\":{\"@id\":\"https:\/\/www.intecol.edu.co\/web\/academico\/solicitud-tramites-academicos\/#breadcrumb\"},\"inLanguage\":\"es\",\"potentialAction\":[{\"@type\":\"ReadAction\",\"target\":[\"https:\/\/www.intecol.edu.co\/web\/academico\/solicitud-tramites-academicos\/\"]}]},{\"@type\":\"BreadcrumbList\",\"@id\":\"https:\/\/www.intecol.edu.co\/web\/academico\/solicitud-tramites-academicos\/#breadcrumb\",\"itemListElement\":[{\"@type\":\"ListItem\",\"position\":1,\"name\":\"Inicio\",\"item\":\"https:\/\/www.intecol.edu.co\/web\/\"},{\"@type\":\"ListItem\",\"position\":2,\"name\":\"Acad\u00e9mico\",\"item\":\"https:\/\/www.intecol.edu.co\/web\/academico\/\"},{\"@type\":\"ListItem\",\"position\":3,\"name\":\"Solicitud Tr\u00e1mites Acad\u00e9micos\"}]},{\"@type\":\"WebSite\",\"@id\":\"https:\/\/www.intecol.edu.co\/web\/#website\",\"url\":\"https:\/\/www.intecol.edu.co\/web\/\",\"name\":\"Intecol\",\"description\":\"Tu futuro, nuestro prop\u00f3sito\",\"potentialAction\":[{\"@type\":\"SearchAction\",\"target\":{\"@type\":\"EntryPoint\",\"urlTemplate\":\"https:\/\/www.intecol.edu.co\/web\/?s={search_term_string}\"},\"query-input\":{\"@type\":\"PropertyValueSpecification\",\"valueRequired\":true,\"valueName\":\"search_term_string\"}}],\"inLanguage\":\"es\"}]}<\/script>\n<!-- \/ Yoast SEO plugin. -->","yoast_head_json":{"title":"Solicitud Tr\u00e1mites Acad\u00e9micos - Intecol","description":"Gestiona f\u00e1cilmente tus tr\u00e1mites acad\u00e9micos en Intecol, incluyendo cambio de programa, reintegros, retiro o suspensi\u00f3n, y cambio de jornada o sede. Accede a los formatos y recibe acompa\u00f1amiento acad\u00e9mico para completar cada proceso de manera r\u00e1pida y organizada.","robots":{"index":"index","follow":"follow","max-snippet":"max-snippet:-1","max-image-preview":"max-image-preview:large","max-video-preview":"max-video-preview:-1"},"canonical":"https:\/\/www.intecol.edu.co\/web\/academico\/solicitud-tramites-academicos\/","og_locale":"es_ES","og_type":"article","og_title":"Solicitud Tr\u00e1mites Acad\u00e9micos","og_description":"Gestiona f\u00e1cilmente tus tr\u00e1mites acad\u00e9micos en Intecol, incluyendo cambio de programa, reintegros, retiro o suspensi\u00f3n, y cambio de jornada o sede. Accede a los formatos y recibe acompa\u00f1amiento acad\u00e9mico para completar cada proceso de manera r\u00e1pida y organizada.","og_url":"https:\/\/www.intecol.edu.co\/web\/academico\/solicitud-tramites-academicos\/","og_site_name":"Intecol","article_modified_time":"2025-11-19T14:37:31+00:00","og_image":[{"width":1080,"height":1350,"url":"https:\/\/www.intecol.edu.co\/web\/wp-content\/uploads\/2025\/11\/FOLLETO-1.jpg","type":"image\/jpeg"}],"twitter_card":"summary_large_image","twitter_title":"Solicitud Tr\u00e1mites Acad\u00e9micos","twitter_description":"Gestiona f\u00e1cilmente tus tr\u00e1mites acad\u00e9micos en Intecol, incluyendo cambio de programa, reintegros, retiro o suspensi\u00f3n, y cambio de jornada o sede. Accede a los formatos y recibe acompa\u00f1amiento acad\u00e9mico para completar cada proceso de manera r\u00e1pida y organizada.","twitter_image":"https:\/\/www.intecol.edu.co\/web\/wp-content\/uploads\/2025\/11\/FOLLETO-1.jpg","twitter_misc":{"Tiempo de lectura":"1 minuto"},"schema":{"@context":"https:\/\/schema.org","@graph":[{"@type":"WebPage","@id":"https:\/\/www.intecol.edu.co\/web\/academico\/solicitud-tramites-academicos\/","url":"https:\/\/www.intecol.edu.co\/web\/academico\/solicitud-tramites-academicos\/","name":"Solicitud Tr\u00e1mites Acad\u00e9micos - Intecol","isPartOf":{"@id":"https:\/\/www.intecol.edu.co\/web\/#website"},"datePublished":"2025-05-14T18:15:38+00:00","dateModified":"2025-11-19T14:37:31+00:00","description":"Gestiona f\u00e1cilmente tus tr\u00e1mites acad\u00e9micos en Intecol, incluyendo cambio de programa, reintegros, retiro o suspensi\u00f3n, y cambio de jornada o sede. Accede a los formatos y recibe acompa\u00f1amiento acad\u00e9mico para completar cada proceso de manera r\u00e1pida y organizada.","breadcrumb":{"@id":"https:\/\/www.intecol.edu.co\/web\/academico\/solicitud-tramites-academicos\/#breadcrumb"},"inLanguage":"es","potentialAction":[{"@type":"ReadAction","target":["https:\/\/www.intecol.edu.co\/web\/academico\/solicitud-tramites-academicos\/"]}]},{"@type":"BreadcrumbList","@id":"https:\/\/www.intecol.edu.co\/web\/academico\/solicitud-tramites-academicos\/#breadcrumb","itemListElement":[{"@type":"ListItem","position":1,"name":"Inicio","item":"https:\/\/www.intecol.edu.co\/web\/"},{"@type":"ListItem","position":2,"name":"Acad\u00e9mico","item":"https:\/\/www.intecol.edu.co\/web\/academico\/"},{"@type":"ListItem","position":3,"name":"Solicitud Tr\u00e1mites Acad\u00e9micos"}]},{"@type":"WebSite","@id":"https:\/\/www.intecol.edu.co\/web\/#website","url":"https:\/\/www.intecol.edu.co\/web\/","name":"Intecol","description":"Tu futuro, nuestro prop\u00f3sito","potentialAction":[{"@type":"SearchAction","target":{"@type":"EntryPoint","urlTemplate":"https:\/\/www.intecol.edu.co\/web\/?s={search_term_string}"},"query-input":{"@type":"PropertyValueSpecification","valueRequired":true,"valueName":"search_term_string"}}],"inLanguage":"es"}]}},"_links":{"self":[{"href":"https:\/\/www.intecol.edu.co\/web\/wp-json\/wp\/v2\/pages\/895","targetHints":{"allow":["GET"]}}],"collection":[{"href":"https:\/\/www.intecol.edu.co\/web\/wp-json\/wp\/v2\/pages"}],"about":[{"href":"https:\/\/www.intecol.edu.co\/web\/wp-json\/wp\/v2\/types\/page"}],"author":[{"embeddable":true,"href":"https:\/\/www.intecol.edu.co\/web\/wp-json\/wp\/v2\/users\/1"}],"replies":[{"embeddable":true,"href":"https:\/\/www.intecol.edu.co\/web\/wp-json\/wp\/v2\/comments?post=895"}],"version-history":[{"count":10,"href":"https:\/\/www.intecol.edu.co\/web\/wp-json\/wp\/v2\/pages\/895\/revisions"}],"predecessor-version":[{"id":2231,"href":"https:\/\/www.intecol.edu.co\/web\/wp-json\/wp\/v2\/pages\/895\/revisions\/2231"}],"up":[{"embeddable":true,"href":"https:\/\/www.intecol.edu.co\/web\/wp-json\/wp\/v2\/pages\/707"}],"wp:attachment":[{"href":"https:\/\/www.intecol.edu.co\/web\/wp-json\/wp\/v2\/media?parent=895"}],"curies":[{"name":"wp","href":"https:\/\/api.w.org\/{rel}","templated":true}]}}